{"id":4383,"date":"2022-01-20T06:26:23","date_gmt":"2022-01-20T06:26:23","guid":{"rendered":"http:\/\/ilerodriguesnaturellement.com\/?post_type=product&#038;p=4383"},"modified":"2026-01-06T17:26:39","modified_gmt":"2026-01-06T17:26:39","slug":"tableau-avec-fibre","status":"publish","type":"product","link":"https:\/\/ilerodriguesnaturellement.com\/fr\/produit\/art-deco\/paintings\/tableau-avec-fibre\/","title":{"rendered":"Peinture sur fibre"},"content":{"rendered":"<div class=\"trg\">\n<p>Les tissus et les textiles sont tout autour de nous. Nous les portons et d\u00e9corons nos maisons avec eux. Mais avez-vous d\u00e9j\u00e0 essay\u00e9 de fabriquer quelque chose \u00e0 partir de laine ou de fil ? Les gens ont cr\u00e9\u00e9 de nombreux processus utilisant des fils et des fils pour fabriquer des choses comme des tissus. Ces processus sont appel\u00e9s arts de la fibre.<\/p>\n<p><b>Arts de la fibre<\/b>\u00a0utiliser des fibres pour cr\u00e9er un objet entier, comme un tapis ou un v\u00eatement. Les fibres proviennent de sources naturelles comme le coton, la soie et la laine. Ils peuvent aussi \u00eatre\u00a0<b>synth\u00e9tique<\/b>, ou des fibres synth\u00e9tiques, comme l'acrylique et le polyester. \u00c9tant donn\u00e9 que ces processus aboutissent souvent \u00e0 un tissu ou \u00e0 un textile, les arts de la fibre sont \u00e9galement connus sous le nom de\u00a0<b>arts textiles<\/b>.<\/p>\n<p>Les nombreuses m\u00e9thodes de fabrication des arts de la fibre cr\u00e9ent diff\u00e9rents types de textiles aux qualit\u00e9s uniques. Certaines m\u00e9thodes d'art de la fibre sont meilleures \u00e0 certaines fins que d'autres. Discutons de trois processus pour voir comment ils se comparent.<\/p>\n<\/div>","protected":false},"excerpt":{"rendered":"<p>Fabric and textiles are all around us. We wear them and decorate our homes with them. But have you ever tried to make something from yarn or thread? People have created many processes using threads and yarns to make things like fabrics. These processes are called fiber arts. Fiber arts\u00a0use fibers to create a whole [&#8230;]","protected":false},"featured_media":4384,"comment_status":"open","ping_status":"closed","template":"","meta":[],"product_cat":[74,75],"product_tag":[],"class_list":["post-4383","product","type-product","status-publish","has-post-thumbnail","hentry","product_cat-art-deco","product_cat-paintings"],"yoast_head":"<!-- This site is optimized with the Yoast SEO plugin v19.13 - https:\/\/yoast.com\/wordpress\/plugins\/seo\/ -->\n<title>Fiber Painting - Rodrigues Naturellement<\/title>\n<meta name=\"robots\" content=\"index, follow, max-snippet:-1, max-image-preview:large, max-video-preview:-1\" \/>\n<link rel=\"canonical\" href=\"https:\/\/ilerodriguesnaturellement.com\/fr\/product\/art-deco\/paintings\/tableau-avec-fibre\/\" \/>\n<meta property=\"og:locale\" content=\"fr_FR\" \/>\n<meta property=\"og:type\" content=\"article\" \/>\n<meta property=\"og:title\" content=\"Fiber Painting - Rodrigues Naturellement\" \/>\n<meta property=\"og:description\" content=\"Fabric and textiles are all around us. We wear them and decorate our homes with them. But have you ever tried to make something from yarn or thread? People have created many processes using threads and yarns to make things like fabrics. These processes are called fiber arts. Fiber arts\u00a0use fibers to create a whole [...]\" \/>\n<meta property=\"og:url\" content=\"https:\/\/ilerodriguesnaturellement.com\/fr\/product\/art-deco\/paintings\/tableau-avec-fibre\/\" \/>\n<meta property=\"og:site_name\" content=\"Rodrigues Naturellement\" \/>\n<meta property=\"article:modified_time\" content=\"2026-01-06T17:26:39+00:00\" \/>\n<meta property=\"og:image\" content=\"https:\/\/ilerodriguesnaturellement.com\/wp-content\/uploads\/2022\/01\/DSC_8279-scaled.jpg\" \/>\n\t<meta property=\"og:image:width\" content=\"2178\" \/>\n\t<meta property=\"og:image:height\" content=\"2560\" \/>\n\t<meta property=\"og:image:type\" content=\"image\/jpeg\" \/>\n<meta name=\"twitter:card\" content=\"summary_large_image\" \/>\n<meta name=\"twitter:label1\" content=\"Dur\u00e9e de lecture estim\u00e9e\" \/>\n\t<meta name=\"twitter:data1\" content=\"1 minute\" \/>\n<script type=\"application\/ld+json\" class=\"yoast-schema-graph\">{\"@context\":\"https:\/\/schema.org\",\"@graph\":[{\"@type\":\"WebPage\",\"@id\":\"https:\/\/ilerodriguesnaturellement.com\/product\/art-deco\/paintings\/tableau-avec-fibre\/\",\"url\":\"https:\/\/ilerodriguesnaturellement.com\/product\/art-deco\/paintings\/tableau-avec-fibre\/\",\"name\":\"Fiber Painting - Rodrigues Naturellement\",\"isPartOf\":{\"@id\":\"https:\/\/ilerodriguesnaturellement.com\/#website\"},\"datePublished\":\"2022-01-20T06:26:23+00:00\",\"dateModified\":\"2026-01-06T17:26:39+00:00\",\"breadcrumb\":{\"@id\":\"https:\/\/ilerodriguesnaturellement.com\/product\/art-deco\/paintings\/tableau-avec-fibre\/#breadcrumb\"},\"inLanguage\":\"fr-FR\",\"potentialAction\":[{\"@type\":\"ReadAction\",\"target\":[\"https:\/\/ilerodriguesnaturellement.com\/product\/art-deco\/paintings\/tableau-avec-fibre\/\"]}]},{\"@type\":\"BreadcrumbList\",\"@id\":\"https:\/\/ilerodriguesnaturellement.com\/product\/art-deco\/paintings\/tableau-avec-fibre\/#breadcrumb\",\"itemListElement\":[{\"@type\":\"ListItem\",\"position\":1,\"name\":\"Home\",\"item\":\"https:\/\/ilerodriguesnaturellement.com\/\"},{\"@type\":\"ListItem\",\"position\":2,\"name\":\"Shop\",\"item\":\"https:\/\/ilerodriguesnaturellement.com\/fr\/shop\/\"},{\"@type\":\"ListItem\",\"position\":3,\"name\":\"Fiber Painting\"}]},{\"@type\":\"WebSite\",\"@id\":\"https:\/\/ilerodriguesnaturellement.com\/#website\",\"url\":\"https:\/\/ilerodriguesnaturellement.com\/\",\"name\":\"Rodrigues Naturellement\",\"description\":\"Rodrigues Naturellement is Online Now . . .\",\"potentialAction\":[{\"@type\":\"SearchAction\",\"target\":{\"@type\":\"EntryPoint\",\"urlTemplate\":\"https:\/\/ilerodriguesnaturellement.com\/?s={search_term_string}\"},\"query-input\":\"required name=search_term_string\"}],\"inLanguage\":\"fr-FR\"}]}<\/script>\n<!-- \/ Yoast SEO plugin. -->","yoast_head_json":{"title":"Fiber Painting - Rodrigues Naturellement","robots":{"index":"index","follow":"follow","max-snippet":"max-snippet:-1","max-image-preview":"max-image-preview:large","max-video-preview":"max-video-preview:-1"},"canonical":"https:\/\/ilerodriguesnaturellement.com\/fr\/product\/art-deco\/paintings\/tableau-avec-fibre\/","og_locale":"fr_FR","og_type":"article","og_title":"Fiber Painting - Rodrigues Naturellement","og_description":"Fabric and textiles are all around us. We wear them and decorate our homes with them. But have you ever tried to make something from yarn or thread? People have created many processes using threads and yarns to make things like fabrics. These processes are called fiber arts. Fiber arts\u00a0use fibers to create a whole [...]","og_url":"https:\/\/ilerodriguesnaturellement.com\/fr\/product\/art-deco\/paintings\/tableau-avec-fibre\/","og_site_name":"Rodrigues Naturellement","article_modified_time":"2026-01-06T17:26:39+00:00","og_image":[{"width":2178,"height":2560,"url":"https:\/\/ilerodriguesnaturellement.com\/wp-content\/uploads\/2022\/01\/DSC_8279-scaled.jpg","type":"image\/jpeg"}],"twitter_card":"summary_large_image","twitter_misc":{"Dur\u00e9e de lecture estim\u00e9e":"1 minute"},"schema":{"@context":"https:\/\/schema.org","@graph":[{"@type":"WebPage","@id":"https:\/\/ilerodriguesnaturellement.com\/product\/art-deco\/paintings\/tableau-avec-fibre\/","url":"https:\/\/ilerodriguesnaturellement.com\/product\/art-deco\/paintings\/tableau-avec-fibre\/","name":"Fiber Painting - Rodrigues Naturellement","isPartOf":{"@id":"https:\/\/ilerodriguesnaturellement.com\/#website"},"datePublished":"2022-01-20T06:26:23+00:00","dateModified":"2026-01-06T17:26:39+00:00","breadcrumb":{"@id":"https:\/\/ilerodriguesnaturellement.com\/product\/art-deco\/paintings\/tableau-avec-fibre\/#breadcrumb"},"inLanguage":"fr-FR","potentialAction":[{"@type":"ReadAction","target":["https:\/\/ilerodriguesnaturellement.com\/product\/art-deco\/paintings\/tableau-avec-fibre\/"]}]},{"@type":"BreadcrumbList","@id":"https:\/\/ilerodriguesnaturellement.com\/product\/art-deco\/paintings\/tableau-avec-fibre\/#breadcrumb","itemListElement":[{"@type":"ListItem","position":1,"name":"Home","item":"https:\/\/ilerodriguesnaturellement.com\/"},{"@type":"ListItem","position":2,"name":"Shop","item":"https:\/\/ilerodriguesnaturellement.com\/fr\/shop\/"},{"@type":"ListItem","position":3,"name":"Fiber Painting"}]},{"@type":"WebSite","@id":"https:\/\/ilerodriguesnaturellement.com\/#website","url":"https:\/\/ilerodriguesnaturellement.com\/","name":"Rodrigues Naturellement","description":"Rodrigues Naturellement is Online Now . . .","potentialAction":[{"@type":"SearchAction","target":{"@type":"EntryPoint","urlTemplate":"https:\/\/ilerodriguesnaturellement.com\/?s={search_term_string}"},"query-input":"required name=search_term_string"}],"inLanguage":"fr-FR"}]}},"_links":{"self":[{"href":"https:\/\/ilerodriguesnaturellement.com\/fr\/wp-json\/wp\/v2\/product\/4383"}],"collection":[{"href":"https:\/\/ilerodriguesnaturellement.com\/fr\/wp-json\/wp\/v2\/product"}],"about":[{"href":"https:\/\/ilerodriguesnaturellement.com\/fr\/wp-json\/wp\/v2\/types\/product"}],"replies":[{"embeddable":true,"href":"https:\/\/ilerodriguesnaturellement.com\/fr\/wp-json\/wp\/v2\/comments?post=4383"}],"wp:featuredmedia":[{"embeddable":true,"href":"https:\/\/ilerodriguesnaturellement.com\/fr\/wp-json\/wp\/v2\/media\/4384"}],"wp:attachment":[{"href":"https:\/\/ilerodriguesnaturellement.com\/fr\/wp-json\/wp\/v2\/media?parent=4383"}],"wp:term":[{"taxonomy":"product_cat","embeddable":true,"href":"https:\/\/ilerodriguesnaturellement.com\/fr\/wp-json\/wp\/v2\/product_cat?post=4383"},{"taxonomy":"product_tag","embeddable":true,"href":"https:\/\/ilerodriguesnaturellement.com\/fr\/wp-json\/wp\/v2\/product_tag?post=4383"}],"curies":[{"name":"wp","href":"https:\/\/api.w.org\/{rel}","templated":true}]}}