{"id":4373,"date":"2022-01-20T05:40:56","date_gmt":"2022-01-20T05:40:56","guid":{"rendered":"http:\/\/ilerodriguesnaturellement.com\/?post_type=product&#038;p=4373"},"modified":"2026-04-17T04:42:57","modified_gmt":"2026-04-17T04:42:57","slug":"liluspersa","status":"publish","type":"product","link":"https:\/\/ilerodriguesnaturellement.com\/fr\/produit\/beauty-and-care\/soap\/liluspersa\/","title":{"rendered":"Savon Naturel au Neem (Lilas Persa)"},"content":{"rendered":"<ul class=\"a-unordered-list a-vertical a-spacing-mini\">\n<li><span class=\"a-list-item\">Savon naturel \u00e0 base d\u2019Huile de Neem, produit artisanalement selon la m\u00e9thode de la saponification \u00e0 froid qui permet de conserver toutes les propri\u00e9t\u00e9s b\u00e9n\u00e9fiques de l\u2019ingr\u00e9dient de base sans addition d\u2019additifs chimiques.<\/span><\/li>\n<li><span class=\"a-list-item\">Riche en Huile de Neem obtenue par le pressage \u00e0 froid des graines de l\u2019arbre homonyme, ce savon est particuli\u00e8rement nourrissant et est id\u00e9al pour une utilisation quotidienne.<\/span><\/li>\n<li><span class=\"a-list-item\">Mouiller le savon, le frotter sur les mains et distribuer la mousse douce sur la zone concern\u00e9e. Rincer soigneusement et d\u00e9poser le savon sur un support sec.<\/span><\/li>\n<li><span class=\"a-list-item\">Notre gamme de savons naturels est produite dans un atelier artisanal \u00e9milien, en utilisant une m\u00e9thode de traitement \u00e0 froid \u00e0 faible impact environnemental.<\/span><\/li>\n<li><span class=\"a-list-item\">\u00c9cologique et \u00e9cologique, notre savon est 100% naturel.<\/span><\/li>\n<\/ul>","protected":false},"excerpt":{"rendered":"<p>Savon naturel \u00e0 base d\u2019Huile de Neem, produit artisanalement selon la m\u00e9thode de la saponification \u00e0 froid qui permet de conserver toutes les propri\u00e9t\u00e9s b\u00e9n\u00e9fiques de l\u2019ingr\u00e9dient de base sans addition d\u2019additifs chimiques. Riche en Huile de Neem obtenue par le pressage \u00e0 froid des graines de l\u2019arbre homonyme, ce savon est particuli\u00e8rement nourrissant et [&#8230;]","protected":false},"featured_media":4375,"comment_status":"open","ping_status":"closed","template":"","meta":[],"product_cat":[71,72],"product_tag":[],"class_list":["post-4373","product","type-product","status-publish","has-post-thumbnail","hentry","product_cat-beauty-and-care","product_cat-soap"],"yoast_head":"<!-- This site is optimized with the Yoast SEO plugin v19.13 - https:\/\/yoast.com\/wordpress\/plugins\/seo\/ -->\n<title>Natural Neem Soap (Lilas Persa) - Rodrigues Naturellement<\/title>\n<meta name=\"robots\" content=\"index, follow, max-snippet:-1, max-image-preview:large, max-video-preview:-1\" \/>\n<link rel=\"canonical\" href=\"https:\/\/ilerodriguesnaturellement.com\/fr\/product\/beauty-and-care\/soap\/liluspersa\/\" \/>\n<meta property=\"og:locale\" content=\"fr_FR\" \/>\n<meta property=\"og:type\" content=\"article\" \/>\n<meta property=\"og:title\" content=\"Natural Neem Soap (Lilas Persa) - Rodrigues Naturellement\" \/>\n<meta property=\"og:description\" content=\"Savon naturel \u00e0 base d\u2019Huile de Neem, produit artisanalement selon la m\u00e9thode de la saponification \u00e0 froid qui permet de conserver toutes les propri\u00e9t\u00e9s b\u00e9n\u00e9fiques de l\u2019ingr\u00e9dient de base sans addition d\u2019additifs chimiques. Riche en Huile de Neem obtenue par le pressage \u00e0 froid des graines de l\u2019arbre homonyme, ce savon est particuli\u00e8rement nourrissant et [...]\" \/>\n<meta property=\"og:url\" content=\"https:\/\/ilerodriguesnaturellement.com\/fr\/product\/beauty-and-care\/soap\/liluspersa\/\" \/>\n<meta property=\"og:site_name\" content=\"Rodrigues Naturellement\" \/>\n<meta property=\"article:modified_time\" content=\"2026-04-17T04:42:57+00:00\" \/>\n<meta property=\"og:image\" content=\"https:\/\/ilerodriguesnaturellement.com\/wp-content\/uploads\/2022\/01\/DSC_8591-scaled.jpg\" \/>\n\t<meta property=\"og:image:width\" content=\"2560\" \/>\n\t<meta property=\"og:image:height\" content=\"1709\" \/>\n\t<meta property=\"og:image:type\" content=\"image\/jpeg\" \/>\n<meta name=\"twitter:card\" content=\"summary_large_image\" \/>\n<meta name=\"twitter:label1\" content=\"Dur\u00e9e de lecture estim\u00e9e\" \/>\n\t<meta name=\"twitter:data1\" content=\"1 minute\" \/>\n<script type=\"application\/ld+json\" class=\"yoast-schema-graph\">{\"@context\":\"https:\/\/schema.org\",\"@graph\":[{\"@type\":\"WebPage\",\"@id\":\"https:\/\/ilerodriguesnaturellement.com\/product\/beauty-and-care\/soap\/liluspersa\/\",\"url\":\"https:\/\/ilerodriguesnaturellement.com\/product\/beauty-and-care\/soap\/liluspersa\/\",\"name\":\"Natural Neem Soap (Lilas Persa) - Rodrigues Naturellement\",\"isPartOf\":{\"@id\":\"https:\/\/ilerodriguesnaturellement.com\/#website\"},\"datePublished\":\"2022-01-20T05:40:56+00:00\",\"dateModified\":\"2026-04-17T04:42:57+00:00\",\"breadcrumb\":{\"@id\":\"https:\/\/ilerodriguesnaturellement.com\/product\/beauty-and-care\/soap\/liluspersa\/#breadcrumb\"},\"inLanguage\":\"fr-FR\",\"potentialAction\":[{\"@type\":\"ReadAction\",\"target\":[\"https:\/\/ilerodriguesnaturellement.com\/product\/beauty-and-care\/soap\/liluspersa\/\"]}]},{\"@type\":\"BreadcrumbList\",\"@id\":\"https:\/\/ilerodriguesnaturellement.com\/product\/beauty-and-care\/soap\/liluspersa\/#breadcrumb\",\"itemListElement\":[{\"@type\":\"ListItem\",\"position\":1,\"name\":\"Home\",\"item\":\"https:\/\/ilerodriguesnaturellement.com\/\"},{\"@type\":\"ListItem\",\"position\":2,\"name\":\"Shop\",\"item\":\"https:\/\/ilerodriguesnaturellement.com\/fr\/shop\/\"},{\"@type\":\"ListItem\",\"position\":3,\"name\":\"Natural Neem Soap (Lilas Persa)\"}]},{\"@type\":\"WebSite\",\"@id\":\"https:\/\/ilerodriguesnaturellement.com\/#website\",\"url\":\"https:\/\/ilerodriguesnaturellement.com\/\",\"name\":\"Rodrigues Naturellement\",\"description\":\"Rodrigues Naturellement is Online Now . . .\",\"potentialAction\":[{\"@type\":\"SearchAction\",\"target\":{\"@type\":\"EntryPoint\",\"urlTemplate\":\"https:\/\/ilerodriguesnaturellement.com\/?s={search_term_string}\"},\"query-input\":\"required name=search_term_string\"}],\"inLanguage\":\"fr-FR\"}]}<\/script>\n<!-- \/ Yoast SEO plugin. -->","yoast_head_json":{"title":"Natural Neem Soap (Lilas Persa) - Rodrigues Naturellement","robots":{"index":"index","follow":"follow","max-snippet":"max-snippet:-1","max-image-preview":"max-image-preview:large","max-video-preview":"max-video-preview:-1"},"canonical":"https:\/\/ilerodriguesnaturellement.com\/fr\/product\/beauty-and-care\/soap\/liluspersa\/","og_locale":"fr_FR","og_type":"article","og_title":"Natural Neem Soap (Lilas Persa) - Rodrigues Naturellement","og_description":"Savon naturel \u00e0 base d\u2019Huile de Neem, produit artisanalement selon la m\u00e9thode de la saponification \u00e0 froid qui permet de conserver toutes les propri\u00e9t\u00e9s b\u00e9n\u00e9fiques de l\u2019ingr\u00e9dient de base sans addition d\u2019additifs chimiques. Riche en Huile de Neem obtenue par le pressage \u00e0 froid des graines de l\u2019arbre homonyme, ce savon est particuli\u00e8rement nourrissant et [...]","og_url":"https:\/\/ilerodriguesnaturellement.com\/fr\/product\/beauty-and-care\/soap\/liluspersa\/","og_site_name":"Rodrigues Naturellement","article_modified_time":"2026-04-17T04:42:57+00:00","og_image":[{"width":2560,"height":1709,"url":"https:\/\/ilerodriguesnaturellement.com\/wp-content\/uploads\/2022\/01\/DSC_8591-scaled.jpg","type":"image\/jpeg"}],"twitter_card":"summary_large_image","twitter_misc":{"Dur\u00e9e de lecture estim\u00e9e":"1 minute"},"schema":{"@context":"https:\/\/schema.org","@graph":[{"@type":"WebPage","@id":"https:\/\/ilerodriguesnaturellement.com\/product\/beauty-and-care\/soap\/liluspersa\/","url":"https:\/\/ilerodriguesnaturellement.com\/product\/beauty-and-care\/soap\/liluspersa\/","name":"Natural Neem Soap (Lilas Persa) - Rodrigues Naturellement","isPartOf":{"@id":"https:\/\/ilerodriguesnaturellement.com\/#website"},"datePublished":"2022-01-20T05:40:56+00:00","dateModified":"2026-04-17T04:42:57+00:00","breadcrumb":{"@id":"https:\/\/ilerodriguesnaturellement.com\/product\/beauty-and-care\/soap\/liluspersa\/#breadcrumb"},"inLanguage":"fr-FR","potentialAction":[{"@type":"ReadAction","target":["https:\/\/ilerodriguesnaturellement.com\/product\/beauty-and-care\/soap\/liluspersa\/"]}]},{"@type":"BreadcrumbList","@id":"https:\/\/ilerodriguesnaturellement.com\/product\/beauty-and-care\/soap\/liluspersa\/#breadcrumb","itemListElement":[{"@type":"ListItem","position":1,"name":"Home","item":"https:\/\/ilerodriguesnaturellement.com\/"},{"@type":"ListItem","position":2,"name":"Shop","item":"https:\/\/ilerodriguesnaturellement.com\/fr\/shop\/"},{"@type":"ListItem","position":3,"name":"Natural Neem Soap (Lilas Persa)"}]},{"@type":"WebSite","@id":"https:\/\/ilerodriguesnaturellement.com\/#website","url":"https:\/\/ilerodriguesnaturellement.com\/","name":"Rodrigues Naturellement","description":"Rodrigues Naturellement is Online Now . . .","potentialAction":[{"@type":"SearchAction","target":{"@type":"EntryPoint","urlTemplate":"https:\/\/ilerodriguesnaturellement.com\/?s={search_term_string}"},"query-input":"required name=search_term_string"}],"inLanguage":"fr-FR"}]}},"_links":{"self":[{"href":"https:\/\/ilerodriguesnaturellement.com\/fr\/wp-json\/wp\/v2\/product\/4373"}],"collection":[{"href":"https:\/\/ilerodriguesnaturellement.com\/fr\/wp-json\/wp\/v2\/product"}],"about":[{"href":"https:\/\/ilerodriguesnaturellement.com\/fr\/wp-json\/wp\/v2\/types\/product"}],"replies":[{"embeddable":true,"href":"https:\/\/ilerodriguesnaturellement.com\/fr\/wp-json\/wp\/v2\/comments?post=4373"}],"wp:featuredmedia":[{"embeddable":true,"href":"https:\/\/ilerodriguesnaturellement.com\/fr\/wp-json\/wp\/v2\/media\/4375"}],"wp:attachment":[{"href":"https:\/\/ilerodriguesnaturellement.com\/fr\/wp-json\/wp\/v2\/media?parent=4373"}],"wp:term":[{"taxonomy":"product_cat","embeddable":true,"href":"https:\/\/ilerodriguesnaturellement.com\/fr\/wp-json\/wp\/v2\/product_cat?post=4373"},{"taxonomy":"product_tag","embeddable":true,"href":"https:\/\/ilerodriguesnaturellement.com\/fr\/wp-json\/wp\/v2\/product_tag?post=4373"}],"curies":[{"name":"wp","href":"https:\/\/api.w.org\/{rel}","templated":true}]}}