{"id":4369,"date":"2022-01-20T05:23:52","date_gmt":"2022-01-20T05:23:52","guid":{"rendered":"http:\/\/ilerodriguesnaturellement.com\/?post_type=product&#038;p=4369"},"modified":"2026-02-09T17:01:31","modified_gmt":"2026-02-09T17:01:31","slug":"honey-soap","status":"publish","type":"product","link":"https:\/\/ilerodriguesnaturellement.com\/fr\/produit\/beauty-and-care\/soap\/honey-soap\/","title":{"rendered":"Honey Soap"},"content":{"rendered":"<p>C'est un excellent savon pour les personnes souffrant d'affections cutan\u00e9es telles que\u00a0<b>ecz\u00e9ma et acn\u00e9<\/b>\u00a0car il abaisse les niveaux de pH et r\u00e9duit les bact\u00e9ries sur la peau. C'est aussi un nettoyant pour la peau en profondeur qui ne vous laisse pas une sensation de s\u00e9cheresse.<\/p>","protected":false},"excerpt":{"rendered":"<p>This is a great soap for people with skin conditions like\u00a0eczema and acne\u00a0as it lowers pH levels and reduces bacteria on the skin. It also is a deep skin cleanser that doesn&#8217;t leave you feeling dry.<\/p>","protected":false},"featured_media":4370,"comment_status":"open","ping_status":"closed","template":"","meta":[],"product_cat":[71,72],"product_tag":[],"class_list":["post-4369","product","type-product","status-publish","has-post-thumbnail","hentry","product_cat-beauty-and-care","product_cat-soap"],"yoast_head":"<!-- This site is optimized with the Yoast SEO plugin v19.13 - https:\/\/yoast.com\/wordpress\/plugins\/seo\/ -->\n<title>Honey Soap - Rodrigues Naturellement<\/title>\n<meta name=\"description\" content=\"Great for eczema- and acne-prone skin, this soap lowers skin pH, reduces bacteria, and deeply cleanses without leaving your skin dry.\" \/>\n<meta name=\"robots\" content=\"index, follow, max-snippet:-1, max-image-preview:large, max-video-preview:-1\" \/>\n<link rel=\"canonical\" href=\"https:\/\/ilerodriguesnaturellement.com\/fr\/product\/beauty-and-care\/soap\/honey-soap\/\" \/>\n<meta property=\"og:locale\" content=\"fr_FR\" \/>\n<meta property=\"og:type\" content=\"article\" \/>\n<meta property=\"og:title\" content=\"Honey Soap - Rodrigues Naturellement\" \/>\n<meta property=\"og:description\" content=\"Great for eczema- and acne-prone skin, this soap lowers skin pH, reduces bacteria, and deeply cleanses without leaving your skin dry.\" \/>\n<meta property=\"og:url\" content=\"https:\/\/ilerodriguesnaturellement.com\/fr\/product\/beauty-and-care\/soap\/honey-soap\/\" \/>\n<meta property=\"og:site_name\" content=\"Rodrigues Naturellement\" \/>\n<meta property=\"article:modified_time\" content=\"2026-02-09T17:01:31+00:00\" \/>\n<meta property=\"og:image\" content=\"https:\/\/ilerodriguesnaturellement.com\/wp-content\/uploads\/2022\/01\/DSC_8342-scaled.jpg\" \/>\n\t<meta property=\"og:image:width\" content=\"1920\" \/>\n\t<meta property=\"og:image:height\" content=\"1282\" \/>\n\t<meta property=\"og:image:type\" content=\"image\/jpeg\" \/>\n<meta name=\"twitter:card\" content=\"summary_large_image\" \/>\n<meta name=\"twitter:label1\" content=\"Dur\u00e9e de lecture estim\u00e9e\" \/>\n\t<meta name=\"twitter:data1\" content=\"1 minute\" \/>\n<script type=\"application\/ld+json\" class=\"yoast-schema-graph\">{\"@context\":\"https:\/\/schema.org\",\"@graph\":[{\"@type\":\"WebPage\",\"@id\":\"https:\/\/ilerodriguesnaturellement.com\/product\/beauty-and-care\/soap\/honey-soap\/\",\"url\":\"https:\/\/ilerodriguesnaturellement.com\/product\/beauty-and-care\/soap\/honey-soap\/\",\"name\":\"Honey Soap - Rodrigues Naturellement\",\"isPartOf\":{\"@id\":\"https:\/\/ilerodriguesnaturellement.com\/#website\"},\"datePublished\":\"2022-01-20T05:23:52+00:00\",\"dateModified\":\"2026-02-09T17:01:31+00:00\",\"description\":\"Great for eczema- and acne-prone skin, this soap lowers skin pH, reduces bacteria, and deeply cleanses without leaving your skin dry.\",\"breadcrumb\":{\"@id\":\"https:\/\/ilerodriguesnaturellement.com\/product\/beauty-and-care\/soap\/honey-soap\/#breadcrumb\"},\"inLanguage\":\"fr-FR\",\"potentialAction\":[{\"@type\":\"ReadAction\",\"target\":[\"https:\/\/ilerodriguesnaturellement.com\/product\/beauty-and-care\/soap\/honey-soap\/\"]}]},{\"@type\":\"BreadcrumbList\",\"@id\":\"https:\/\/ilerodriguesnaturellement.com\/product\/beauty-and-care\/soap\/honey-soap\/#breadcrumb\",\"itemListElement\":[{\"@type\":\"ListItem\",\"position\":1,\"name\":\"Home\",\"item\":\"https:\/\/ilerodriguesnaturellement.com\/\"},{\"@type\":\"ListItem\",\"position\":2,\"name\":\"Shop\",\"item\":\"https:\/\/ilerodriguesnaturellement.com\/fr\/shop\/\"},{\"@type\":\"ListItem\",\"position\":3,\"name\":\"Honey Soap\"}]},{\"@type\":\"WebSite\",\"@id\":\"https:\/\/ilerodriguesnaturellement.com\/#website\",\"url\":\"https:\/\/ilerodriguesnaturellement.com\/\",\"name\":\"Rodrigues Naturellement\",\"description\":\"Rodrigues Naturellement is Online Now . . .\",\"potentialAction\":[{\"@type\":\"SearchAction\",\"target\":{\"@type\":\"EntryPoint\",\"urlTemplate\":\"https:\/\/ilerodriguesnaturellement.com\/?s={search_term_string}\"},\"query-input\":\"required name=search_term_string\"}],\"inLanguage\":\"fr-FR\"}]}<\/script>\n<!-- \/ Yoast SEO plugin. -->","yoast_head_json":{"title":"Honey Soap - Rodrigues Naturellement","description":"Great for eczema- and acne-prone skin, this soap lowers skin pH, reduces bacteria, and deeply cleanses without leaving your skin dry.","robots":{"index":"index","follow":"follow","max-snippet":"max-snippet:-1","max-image-preview":"max-image-preview:large","max-video-preview":"max-video-preview:-1"},"canonical":"https:\/\/ilerodriguesnaturellement.com\/fr\/product\/beauty-and-care\/soap\/honey-soap\/","og_locale":"fr_FR","og_type":"article","og_title":"Honey Soap - Rodrigues Naturellement","og_description":"Great for eczema- and acne-prone skin, this soap lowers skin pH, reduces bacteria, and deeply cleanses without leaving your skin dry.","og_url":"https:\/\/ilerodriguesnaturellement.com\/fr\/product\/beauty-and-care\/soap\/honey-soap\/","og_site_name":"Rodrigues Naturellement","article_modified_time":"2026-02-09T17:01:31+00:00","og_image":[{"width":1920,"height":1282,"url":"https:\/\/ilerodriguesnaturellement.com\/wp-content\/uploads\/2022\/01\/DSC_8342-scaled.jpg","type":"image\/jpeg"}],"twitter_card":"summary_large_image","twitter_misc":{"Dur\u00e9e de lecture estim\u00e9e":"1 minute"},"schema":{"@context":"https:\/\/schema.org","@graph":[{"@type":"WebPage","@id":"https:\/\/ilerodriguesnaturellement.com\/product\/beauty-and-care\/soap\/honey-soap\/","url":"https:\/\/ilerodriguesnaturellement.com\/product\/beauty-and-care\/soap\/honey-soap\/","name":"Honey Soap - Rodrigues Naturellement","isPartOf":{"@id":"https:\/\/ilerodriguesnaturellement.com\/#website"},"datePublished":"2022-01-20T05:23:52+00:00","dateModified":"2026-02-09T17:01:31+00:00","description":"Great for eczema- and acne-prone skin, this soap lowers skin pH, reduces bacteria, and deeply cleanses without leaving your skin dry.","breadcrumb":{"@id":"https:\/\/ilerodriguesnaturellement.com\/product\/beauty-and-care\/soap\/honey-soap\/#breadcrumb"},"inLanguage":"fr-FR","potentialAction":[{"@type":"ReadAction","target":["https:\/\/ilerodriguesnaturellement.com\/product\/beauty-and-care\/soap\/honey-soap\/"]}]},{"@type":"BreadcrumbList","@id":"https:\/\/ilerodriguesnaturellement.com\/product\/beauty-and-care\/soap\/honey-soap\/#breadcrumb","itemListElement":[{"@type":"ListItem","position":1,"name":"Home","item":"https:\/\/ilerodriguesnaturellement.com\/"},{"@type":"ListItem","position":2,"name":"Shop","item":"https:\/\/ilerodriguesnaturellement.com\/fr\/shop\/"},{"@type":"ListItem","position":3,"name":"Honey Soap"}]},{"@type":"WebSite","@id":"https:\/\/ilerodriguesnaturellement.com\/#website","url":"https:\/\/ilerodriguesnaturellement.com\/","name":"Rodrigues Naturellement","description":"Rodrigues Naturellement is Online Now . . .","potentialAction":[{"@type":"SearchAction","target":{"@type":"EntryPoint","urlTemplate":"https:\/\/ilerodriguesnaturellement.com\/?s={search_term_string}"},"query-input":"required name=search_term_string"}],"inLanguage":"fr-FR"}]}},"_links":{"self":[{"href":"https:\/\/ilerodriguesnaturellement.com\/fr\/wp-json\/wp\/v2\/product\/4369"}],"collection":[{"href":"https:\/\/ilerodriguesnaturellement.com\/fr\/wp-json\/wp\/v2\/product"}],"about":[{"href":"https:\/\/ilerodriguesnaturellement.com\/fr\/wp-json\/wp\/v2\/types\/product"}],"replies":[{"embeddable":true,"href":"https:\/\/ilerodriguesnaturellement.com\/fr\/wp-json\/wp\/v2\/comments?post=4369"}],"wp:featuredmedia":[{"embeddable":true,"href":"https:\/\/ilerodriguesnaturellement.com\/fr\/wp-json\/wp\/v2\/media\/4370"}],"wp:attachment":[{"href":"https:\/\/ilerodriguesnaturellement.com\/fr\/wp-json\/wp\/v2\/media?parent=4369"}],"wp:term":[{"taxonomy":"product_cat","embeddable":true,"href":"https:\/\/ilerodriguesnaturellement.com\/fr\/wp-json\/wp\/v2\/product_cat?post=4369"},{"taxonomy":"product_tag","embeddable":true,"href":"https:\/\/ilerodriguesnaturellement.com\/fr\/wp-json\/wp\/v2\/product_tag?post=4369"}],"curies":[{"name":"wp","href":"https:\/\/api.w.org\/{rel}","templated":true}]}}