{"id":4367,"date":"2022-01-20T05:19:23","date_gmt":"2022-01-20T05:19:23","guid":{"rendered":"http:\/\/ilerodriguesnaturellement.com\/?post_type=product&#038;p=4367"},"modified":"2022-01-24T07:12:36","modified_gmt":"2022-01-24T07:12:36","slug":"citronelle","status":"publish","type":"product","link":"https:\/\/ilerodriguesnaturellement.com\/fr\/produit\/beauty-and-care\/soap\/citronelle\/","title":{"rendered":"Citronnelle"},"content":{"rendered":"<p>Le savon \u00e0 la citronnelle <b>\u00e9limine les cellules mortes de la peau et la collection de probl\u00e8mes de peau, de toxines et de salet\u00e9<\/b>Il \u00e9limine \u00e9galement les cellules mortes et tonifie la peau. Ce savon exfolie la peau, d\u00e9sobstrue les pores et vous donne une peau plus brillante et souple<\/p>","protected":false},"excerpt":{"rendered":"<p>Lemongrass soap scrubs away the dead skin cells and collection of skin issues, toxins, and dirt. It also removes the dead cells and invigorates the skin. This soap exfoliates the skin, unclogs pores, and gives you a shinier and supple skin.<\/p>","protected":false},"featured_media":4368,"comment_status":"open","ping_status":"closed","template":"","meta":[],"product_cat":[71,72],"product_tag":[],"class_list":["post-4367","product","type-product","status-publish","has-post-thumbnail","hentry","product_cat-beauty-and-care","product_cat-soap"],"yoast_head":"<!-- This site is optimized with the Yoast SEO plugin v19.13 - https:\/\/yoast.com\/wordpress\/plugins\/seo\/ -->\n<title>Lemongrass - Rodrigues Naturellement<\/title>\n<meta name=\"robots\" content=\"index, follow, max-snippet:-1, max-image-preview:large, max-video-preview:-1\" \/>\n<link rel=\"canonical\" href=\"https:\/\/ilerodriguesnaturellement.com\/fr\/product\/beauty-and-care\/soap\/citronelle\/\" \/>\n<meta property=\"og:locale\" content=\"fr_FR\" \/>\n<meta property=\"og:type\" content=\"article\" \/>\n<meta property=\"og:title\" content=\"Lemongrass - Rodrigues Naturellement\" \/>\n<meta property=\"og:description\" content=\"Lemongrass soap scrubs away the dead skin cells and collection of skin issues, toxins, and dirt. It also removes the dead cells and invigorates the skin. This soap exfoliates the skin, unclogs pores, and gives you a shinier and supple skin.\" \/>\n<meta property=\"og:url\" content=\"https:\/\/ilerodriguesnaturellement.com\/fr\/product\/beauty-and-care\/soap\/citronelle\/\" \/>\n<meta property=\"og:site_name\" content=\"Rodrigues Naturellement\" \/>\n<meta property=\"article:modified_time\" content=\"2022-01-24T07:12:36+00:00\" \/>\n<meta property=\"og:image\" content=\"https:\/\/ilerodriguesnaturellement.com\/wp-content\/uploads\/2022\/01\/DSC_8339-scaled.jpg\" \/>\n\t<meta property=\"og:image:width\" content=\"2560\" \/>\n\t<meta property=\"og:image:height\" content=\"1623\" \/>\n\t<meta property=\"og:image:type\" content=\"image\/jpeg\" \/>\n<meta name=\"twitter:card\" content=\"summary_large_image\" \/>\n<meta name=\"twitter:label1\" content=\"Dur\u00e9e de lecture estim\u00e9e\" \/>\n\t<meta name=\"twitter:data1\" content=\"1 minute\" \/>\n<script type=\"application\/ld+json\" class=\"yoast-schema-graph\">{\"@context\":\"https:\/\/schema.org\",\"@graph\":[{\"@type\":\"WebPage\",\"@id\":\"https:\/\/ilerodriguesnaturellement.com\/product\/beauty-and-care\/soap\/citronelle\/\",\"url\":\"https:\/\/ilerodriguesnaturellement.com\/product\/beauty-and-care\/soap\/citronelle\/\",\"name\":\"Lemongrass - Rodrigues Naturellement\",\"isPartOf\":{\"@id\":\"https:\/\/ilerodriguesnaturellement.com\/#website\"},\"datePublished\":\"2022-01-20T05:19:23+00:00\",\"dateModified\":\"2022-01-24T07:12:36+00:00\",\"breadcrumb\":{\"@id\":\"https:\/\/ilerodriguesnaturellement.com\/product\/beauty-and-care\/soap\/citronelle\/#breadcrumb\"},\"inLanguage\":\"fr-FR\",\"potentialAction\":[{\"@type\":\"ReadAction\",\"target\":[\"https:\/\/ilerodriguesnaturellement.com\/product\/beauty-and-care\/soap\/citronelle\/\"]}]},{\"@type\":\"BreadcrumbList\",\"@id\":\"https:\/\/ilerodriguesnaturellement.com\/product\/beauty-and-care\/soap\/citronelle\/#breadcrumb\",\"itemListElement\":[{\"@type\":\"ListItem\",\"position\":1,\"name\":\"Home\",\"item\":\"https:\/\/ilerodriguesnaturellement.com\/\"},{\"@type\":\"ListItem\",\"position\":2,\"name\":\"Shop\",\"item\":\"https:\/\/ilerodriguesnaturellement.com\/fr\/shop\/\"},{\"@type\":\"ListItem\",\"position\":3,\"name\":\"Lemongrass\"}]},{\"@type\":\"WebSite\",\"@id\":\"https:\/\/ilerodriguesnaturellement.com\/#website\",\"url\":\"https:\/\/ilerodriguesnaturellement.com\/\",\"name\":\"Rodrigues Naturellement\",\"description\":\"Rodrigues Naturellement is Online Now . . .\",\"potentialAction\":[{\"@type\":\"SearchAction\",\"target\":{\"@type\":\"EntryPoint\",\"urlTemplate\":\"https:\/\/ilerodriguesnaturellement.com\/?s={search_term_string}\"},\"query-input\":\"required name=search_term_string\"}],\"inLanguage\":\"fr-FR\"}]}<\/script>\n<!-- \/ Yoast SEO plugin. -->","yoast_head_json":{"title":"Lemongrass - Rodrigues Naturellement","robots":{"index":"index","follow":"follow","max-snippet":"max-snippet:-1","max-image-preview":"max-image-preview:large","max-video-preview":"max-video-preview:-1"},"canonical":"https:\/\/ilerodriguesnaturellement.com\/fr\/product\/beauty-and-care\/soap\/citronelle\/","og_locale":"fr_FR","og_type":"article","og_title":"Lemongrass - Rodrigues Naturellement","og_description":"Lemongrass soap scrubs away the dead skin cells and collection of skin issues, toxins, and dirt. It also removes the dead cells and invigorates the skin. This soap exfoliates the skin, unclogs pores, and gives you a shinier and supple skin.","og_url":"https:\/\/ilerodriguesnaturellement.com\/fr\/product\/beauty-and-care\/soap\/citronelle\/","og_site_name":"Rodrigues Naturellement","article_modified_time":"2022-01-24T07:12:36+00:00","og_image":[{"width":2560,"height":1623,"url":"https:\/\/ilerodriguesnaturellement.com\/wp-content\/uploads\/2022\/01\/DSC_8339-scaled.jpg","type":"image\/jpeg"}],"twitter_card":"summary_large_image","twitter_misc":{"Dur\u00e9e de lecture estim\u00e9e":"1 minute"},"schema":{"@context":"https:\/\/schema.org","@graph":[{"@type":"WebPage","@id":"https:\/\/ilerodriguesnaturellement.com\/product\/beauty-and-care\/soap\/citronelle\/","url":"https:\/\/ilerodriguesnaturellement.com\/product\/beauty-and-care\/soap\/citronelle\/","name":"Lemongrass - Rodrigues Naturellement","isPartOf":{"@id":"https:\/\/ilerodriguesnaturellement.com\/#website"},"datePublished":"2022-01-20T05:19:23+00:00","dateModified":"2022-01-24T07:12:36+00:00","breadcrumb":{"@id":"https:\/\/ilerodriguesnaturellement.com\/product\/beauty-and-care\/soap\/citronelle\/#breadcrumb"},"inLanguage":"fr-FR","potentialAction":[{"@type":"ReadAction","target":["https:\/\/ilerodriguesnaturellement.com\/product\/beauty-and-care\/soap\/citronelle\/"]}]},{"@type":"BreadcrumbList","@id":"https:\/\/ilerodriguesnaturellement.com\/product\/beauty-and-care\/soap\/citronelle\/#breadcrumb","itemListElement":[{"@type":"ListItem","position":1,"name":"Home","item":"https:\/\/ilerodriguesnaturellement.com\/"},{"@type":"ListItem","position":2,"name":"Shop","item":"https:\/\/ilerodriguesnaturellement.com\/fr\/shop\/"},{"@type":"ListItem","position":3,"name":"Lemongrass"}]},{"@type":"WebSite","@id":"https:\/\/ilerodriguesnaturellement.com\/#website","url":"https:\/\/ilerodriguesnaturellement.com\/","name":"Rodrigues Naturellement","description":"Rodrigues Naturellement is Online Now . . .","potentialAction":[{"@type":"SearchAction","target":{"@type":"EntryPoint","urlTemplate":"https:\/\/ilerodriguesnaturellement.com\/?s={search_term_string}"},"query-input":"required name=search_term_string"}],"inLanguage":"fr-FR"}]}},"_links":{"self":[{"href":"https:\/\/ilerodriguesnaturellement.com\/fr\/wp-json\/wp\/v2\/product\/4367"}],"collection":[{"href":"https:\/\/ilerodriguesnaturellement.com\/fr\/wp-json\/wp\/v2\/product"}],"about":[{"href":"https:\/\/ilerodriguesnaturellement.com\/fr\/wp-json\/wp\/v2\/types\/product"}],"replies":[{"embeddable":true,"href":"https:\/\/ilerodriguesnaturellement.com\/fr\/wp-json\/wp\/v2\/comments?post=4367"}],"wp:featuredmedia":[{"embeddable":true,"href":"https:\/\/ilerodriguesnaturellement.com\/fr\/wp-json\/wp\/v2\/media\/4368"}],"wp:attachment":[{"href":"https:\/\/ilerodriguesnaturellement.com\/fr\/wp-json\/wp\/v2\/media?parent=4367"}],"wp:term":[{"taxonomy":"product_cat","embeddable":true,"href":"https:\/\/ilerodriguesnaturellement.com\/fr\/wp-json\/wp\/v2\/product_cat?post=4367"},{"taxonomy":"product_tag","embeddable":true,"href":"https:\/\/ilerodriguesnaturellement.com\/fr\/wp-json\/wp\/v2\/product_tag?post=4367"}],"curies":[{"name":"wp","href":"https:\/\/api.w.org\/{rel}","templated":true}]}}