{"id":4353,"date":"2022-01-19T17:47:21","date_gmt":"2022-01-19T17:47:21","guid":{"rendered":"http:\/\/ilerodriguesnaturellement.com\/?post_type=product&#038;p=4353"},"modified":"2026-01-06T17:26:39","modified_gmt":"2026-01-06T17:26:39","slug":"moringa-powder","status":"publish","type":"product","link":"https:\/\/ilerodriguesnaturellement.com\/fr\/produit\/agro\/spices\/moringa-powder\/","title":{"rendered":"Poudre de Moringa"},"content":{"rendered":"<p>La poudre de moringa peut \u00eatre utilis\u00e9e pour\u00a0<b>prot\u00e9ger les tissus (foie, reins, c\u0153ur et poumons)<\/b>, et pour r\u00e9duire la douleur. Les antioxydants aident \u00e0 prot\u00e9ger les cellules contre les radicaux libres, qui sont produits par la digestion des aliments, le tabagisme et l'exposition aux radiations. Les antioxydants provenant de sources v\u00e9g\u00e9tales telles que la poudre de moringa sont consid\u00e9r\u00e9s comme les meilleurs.<\/p>","protected":false},"excerpt":{"rendered":"<p>Moringa powder can be used to\u00a0protect tissue (liver, kidneys, heart, and lungs), and to reduce pain. Antioxidants help protect cells against free radicals, which are produced by digesting food, smoking, and exposure to radiation. Antioxidants from plant-based sources such as moringa powder are considered best.<\/p>","protected":false},"featured_media":4354,"comment_status":"open","ping_status":"closed","template":"","meta":[],"product_cat":[77,80],"product_tag":[],"class_list":["post-4353","product","type-product","status-publish","has-post-thumbnail","hentry","product_cat-agro","product_cat-spices"],"yoast_head":"<!-- This site is optimized with the Yoast SEO plugin v19.13 - https:\/\/yoast.com\/wordpress\/plugins\/seo\/ -->\n<title>Moringa powder - Rodrigues Naturellement<\/title>\n<meta name=\"robots\" content=\"index, follow, max-snippet:-1, max-image-preview:large, max-video-preview:-1\" \/>\n<link rel=\"canonical\" href=\"https:\/\/ilerodriguesnaturellement.com\/fr\/product\/agro\/spices\/moringa-powder\/\" \/>\n<meta property=\"og:locale\" content=\"fr_FR\" \/>\n<meta property=\"og:type\" content=\"article\" \/>\n<meta property=\"og:title\" content=\"Moringa powder - Rodrigues Naturellement\" \/>\n<meta property=\"og:description\" content=\"Moringa powder can be used to\u00a0protect tissue (liver, kidneys, heart, and lungs), and to reduce pain. Antioxidants help protect cells against free radicals, which are produced by digesting food, smoking, and exposure to radiation. Antioxidants from plant-based sources such as moringa powder are considered best.\" \/>\n<meta property=\"og:url\" content=\"https:\/\/ilerodriguesnaturellement.com\/fr\/product\/agro\/spices\/moringa-powder\/\" \/>\n<meta property=\"og:site_name\" content=\"Rodrigues Naturellement\" \/>\n<meta property=\"article:modified_time\" content=\"2026-01-06T17:26:39+00:00\" \/>\n<meta property=\"og:image\" content=\"https:\/\/ilerodriguesnaturellement.com\/wp-content\/uploads\/2022\/01\/DSC_8309-scaled.jpg\" \/>\n\t<meta property=\"og:image:width\" content=\"1709\" \/>\n\t<meta property=\"og:image:height\" content=\"2560\" \/>\n\t<meta property=\"og:image:type\" content=\"image\/jpeg\" \/>\n<meta name=\"twitter:card\" content=\"summary_large_image\" \/>\n<meta name=\"twitter:label1\" content=\"Dur\u00e9e de lecture estim\u00e9e\" \/>\n\t<meta name=\"twitter:data1\" content=\"1 minute\" \/>\n<script type=\"application\/ld+json\" class=\"yoast-schema-graph\">{\"@context\":\"https:\/\/schema.org\",\"@graph\":[{\"@type\":\"WebPage\",\"@id\":\"https:\/\/ilerodriguesnaturellement.com\/product\/agro\/spices\/moringa-powder\/\",\"url\":\"https:\/\/ilerodriguesnaturellement.com\/product\/agro\/spices\/moringa-powder\/\",\"name\":\"Moringa powder - Rodrigues Naturellement\",\"isPartOf\":{\"@id\":\"https:\/\/ilerodriguesnaturellement.com\/#website\"},\"datePublished\":\"2022-01-19T17:47:21+00:00\",\"dateModified\":\"2026-01-06T17:26:39+00:00\",\"breadcrumb\":{\"@id\":\"https:\/\/ilerodriguesnaturellement.com\/product\/agro\/spices\/moringa-powder\/#breadcrumb\"},\"inLanguage\":\"fr-FR\",\"potentialAction\":[{\"@type\":\"ReadAction\",\"target\":[\"https:\/\/ilerodriguesnaturellement.com\/product\/agro\/spices\/moringa-powder\/\"]}]},{\"@type\":\"BreadcrumbList\",\"@id\":\"https:\/\/ilerodriguesnaturellement.com\/product\/agro\/spices\/moringa-powder\/#breadcrumb\",\"itemListElement\":[{\"@type\":\"ListItem\",\"position\":1,\"name\":\"Home\",\"item\":\"https:\/\/ilerodriguesnaturellement.com\/\"},{\"@type\":\"ListItem\",\"position\":2,\"name\":\"Shop\",\"item\":\"https:\/\/ilerodriguesnaturellement.com\/fr\/shop\/\"},{\"@type\":\"ListItem\",\"position\":3,\"name\":\"Moringa powder\"}]},{\"@type\":\"WebSite\",\"@id\":\"https:\/\/ilerodriguesnaturellement.com\/#website\",\"url\":\"https:\/\/ilerodriguesnaturellement.com\/\",\"name\":\"Rodrigues Naturellement\",\"description\":\"Rodrigues Naturellement is Online Now . . .\",\"potentialAction\":[{\"@type\":\"SearchAction\",\"target\":{\"@type\":\"EntryPoint\",\"urlTemplate\":\"https:\/\/ilerodriguesnaturellement.com\/?s={search_term_string}\"},\"query-input\":\"required name=search_term_string\"}],\"inLanguage\":\"fr-FR\"}]}<\/script>\n<!-- \/ Yoast SEO plugin. -->","yoast_head_json":{"title":"Moringa powder - Rodrigues Naturellement","robots":{"index":"index","follow":"follow","max-snippet":"max-snippet:-1","max-image-preview":"max-image-preview:large","max-video-preview":"max-video-preview:-1"},"canonical":"https:\/\/ilerodriguesnaturellement.com\/fr\/product\/agro\/spices\/moringa-powder\/","og_locale":"fr_FR","og_type":"article","og_title":"Moringa powder - Rodrigues Naturellement","og_description":"Moringa powder can be used to\u00a0protect tissue (liver, kidneys, heart, and lungs), and to reduce pain. Antioxidants help protect cells against free radicals, which are produced by digesting food, smoking, and exposure to radiation. Antioxidants from plant-based sources such as moringa powder are considered best.","og_url":"https:\/\/ilerodriguesnaturellement.com\/fr\/product\/agro\/spices\/moringa-powder\/","og_site_name":"Rodrigues Naturellement","article_modified_time":"2026-01-06T17:26:39+00:00","og_image":[{"width":1709,"height":2560,"url":"https:\/\/ilerodriguesnaturellement.com\/wp-content\/uploads\/2022\/01\/DSC_8309-scaled.jpg","type":"image\/jpeg"}],"twitter_card":"summary_large_image","twitter_misc":{"Dur\u00e9e de lecture estim\u00e9e":"1 minute"},"schema":{"@context":"https:\/\/schema.org","@graph":[{"@type":"WebPage","@id":"https:\/\/ilerodriguesnaturellement.com\/product\/agro\/spices\/moringa-powder\/","url":"https:\/\/ilerodriguesnaturellement.com\/product\/agro\/spices\/moringa-powder\/","name":"Moringa powder - Rodrigues Naturellement","isPartOf":{"@id":"https:\/\/ilerodriguesnaturellement.com\/#website"},"datePublished":"2022-01-19T17:47:21+00:00","dateModified":"2026-01-06T17:26:39+00:00","breadcrumb":{"@id":"https:\/\/ilerodriguesnaturellement.com\/product\/agro\/spices\/moringa-powder\/#breadcrumb"},"inLanguage":"fr-FR","potentialAction":[{"@type":"ReadAction","target":["https:\/\/ilerodriguesnaturellement.com\/product\/agro\/spices\/moringa-powder\/"]}]},{"@type":"BreadcrumbList","@id":"https:\/\/ilerodriguesnaturellement.com\/product\/agro\/spices\/moringa-powder\/#breadcrumb","itemListElement":[{"@type":"ListItem","position":1,"name":"Home","item":"https:\/\/ilerodriguesnaturellement.com\/"},{"@type":"ListItem","position":2,"name":"Shop","item":"https:\/\/ilerodriguesnaturellement.com\/fr\/shop\/"},{"@type":"ListItem","position":3,"name":"Moringa powder"}]},{"@type":"WebSite","@id":"https:\/\/ilerodriguesnaturellement.com\/#website","url":"https:\/\/ilerodriguesnaturellement.com\/","name":"Rodrigues Naturellement","description":"Rodrigues Naturellement is Online Now . . .","potentialAction":[{"@type":"SearchAction","target":{"@type":"EntryPoint","urlTemplate":"https:\/\/ilerodriguesnaturellement.com\/?s={search_term_string}"},"query-input":"required name=search_term_string"}],"inLanguage":"fr-FR"}]}},"_links":{"self":[{"href":"https:\/\/ilerodriguesnaturellement.com\/fr\/wp-json\/wp\/v2\/product\/4353"}],"collection":[{"href":"https:\/\/ilerodriguesnaturellement.com\/fr\/wp-json\/wp\/v2\/product"}],"about":[{"href":"https:\/\/ilerodriguesnaturellement.com\/fr\/wp-json\/wp\/v2\/types\/product"}],"replies":[{"embeddable":true,"href":"https:\/\/ilerodriguesnaturellement.com\/fr\/wp-json\/wp\/v2\/comments?post=4353"}],"wp:featuredmedia":[{"embeddable":true,"href":"https:\/\/ilerodriguesnaturellement.com\/fr\/wp-json\/wp\/v2\/media\/4354"}],"wp:attachment":[{"href":"https:\/\/ilerodriguesnaturellement.com\/fr\/wp-json\/wp\/v2\/media?parent=4353"}],"wp:term":[{"taxonomy":"product_cat","embeddable":true,"href":"https:\/\/ilerodriguesnaturellement.com\/fr\/wp-json\/wp\/v2\/product_cat?post=4353"},{"taxonomy":"product_tag","embeddable":true,"href":"https:\/\/ilerodriguesnaturellement.com\/fr\/wp-json\/wp\/v2\/product_tag?post=4353"}],"curies":[{"name":"wp","href":"https:\/\/api.w.org\/{rel}","templated":true}]}}