{"id":4351,"date":"2022-01-19T17:37:45","date_gmt":"2022-01-19T17:37:45","guid":{"rendered":"http:\/\/ilerodriguesnaturellement.com\/?post_type=product&#038;p=4351"},"modified":"2022-01-24T07:15:03","modified_gmt":"2022-01-24T07:15:03","slug":"turmeric-powder","status":"publish","type":"product","link":"https:\/\/ilerodriguesnaturellement.com\/fr\/produit\/agro\/spices\/turmeric-powder\/","title":{"rendered":"Poudre de curcuma"},"content":{"rendered":"<p>Le curcuma a de nombreux avantages pour la sant\u00e9 scientifiquement prouv\u00e9s, tels que le potentiel de <b>am\u00e9liorer la sant\u00e9 cardiaque<\/b>\u00a0et pr\u00e9venir contre la maladie d'Alzheimer et le cancer. C\u2019est un puissant anti-inflammatoire et antioxydant. Il peut \u00e9galement aider \u00e0 am\u00e9liorer les sympt\u00f4mes de la d\u00e9pression et de l'arthrite<\/p>","protected":false},"excerpt":{"rendered":"<p>Turmeric has many scientifically proven health benefits, such as the potential to improve heart health\u00a0and prevent against Alzheimer&#8217;s and cancer. It&#8217;s a potent anti-inflammatory and antioxidant. It may also help improve symptoms of depression and arthritis<\/p>","protected":false},"featured_media":4352,"comment_status":"open","ping_status":"closed","template":"","meta":[],"product_cat":[77,80],"product_tag":[],"class_list":["post-4351","product","type-product","status-publish","has-post-thumbnail","hentry","product_cat-agro","product_cat-spices"],"yoast_head":"<!-- This site is optimized with the Yoast SEO plugin v19.13 - https:\/\/yoast.com\/wordpress\/plugins\/seo\/ -->\n<title>Turmeric powder - Rodrigues Naturellement<\/title>\n<meta name=\"robots\" content=\"index, follow, max-snippet:-1, max-image-preview:large, max-video-preview:-1\" \/>\n<link rel=\"canonical\" href=\"https:\/\/ilerodriguesnaturellement.com\/fr\/product\/agro\/spices\/turmeric-powder\/\" \/>\n<meta property=\"og:locale\" content=\"fr_FR\" \/>\n<meta property=\"og:type\" content=\"article\" \/>\n<meta property=\"og:title\" content=\"Turmeric powder - Rodrigues Naturellement\" \/>\n<meta property=\"og:description\" content=\"Turmeric has many scientifically proven health benefits, such as the potential to improve heart health\u00a0and prevent against Alzheimer&#8217;s and cancer. It&#8217;s a potent anti-inflammatory and antioxidant. It may also help improve symptoms of depression and arthritis\" \/>\n<meta property=\"og:url\" content=\"https:\/\/ilerodriguesnaturellement.com\/fr\/product\/agro\/spices\/turmeric-powder\/\" \/>\n<meta property=\"og:site_name\" content=\"Rodrigues Naturellement\" \/>\n<meta property=\"article:modified_time\" content=\"2022-01-24T07:15:03+00:00\" \/>\n<meta property=\"og:image\" content=\"https:\/\/ilerodriguesnaturellement.com\/wp-content\/uploads\/2022\/01\/DSC_8319-scaled.jpg\" \/>\n\t<meta property=\"og:image:width\" content=\"1709\" \/>\n\t<meta property=\"og:image:height\" content=\"2560\" \/>\n\t<meta property=\"og:image:type\" content=\"image\/jpeg\" \/>\n<meta name=\"twitter:card\" content=\"summary_large_image\" \/>\n<meta name=\"twitter:label1\" content=\"Dur\u00e9e de lecture estim\u00e9e\" \/>\n\t<meta name=\"twitter:data1\" content=\"1 minute\" \/>\n<script type=\"application\/ld+json\" class=\"yoast-schema-graph\">{\"@context\":\"https:\/\/schema.org\",\"@graph\":[{\"@type\":\"WebPage\",\"@id\":\"https:\/\/ilerodriguesnaturellement.com\/product\/agro\/spices\/turmeric-powder\/\",\"url\":\"https:\/\/ilerodriguesnaturellement.com\/product\/agro\/spices\/turmeric-powder\/\",\"name\":\"Turmeric powder - Rodrigues Naturellement\",\"isPartOf\":{\"@id\":\"https:\/\/ilerodriguesnaturellement.com\/#website\"},\"datePublished\":\"2022-01-19T17:37:45+00:00\",\"dateModified\":\"2022-01-24T07:15:03+00:00\",\"breadcrumb\":{\"@id\":\"https:\/\/ilerodriguesnaturellement.com\/product\/agro\/spices\/turmeric-powder\/#breadcrumb\"},\"inLanguage\":\"fr-FR\",\"potentialAction\":[{\"@type\":\"ReadAction\",\"target\":[\"https:\/\/ilerodriguesnaturellement.com\/product\/agro\/spices\/turmeric-powder\/\"]}]},{\"@type\":\"BreadcrumbList\",\"@id\":\"https:\/\/ilerodriguesnaturellement.com\/product\/agro\/spices\/turmeric-powder\/#breadcrumb\",\"itemListElement\":[{\"@type\":\"ListItem\",\"position\":1,\"name\":\"Home\",\"item\":\"https:\/\/ilerodriguesnaturellement.com\/\"},{\"@type\":\"ListItem\",\"position\":2,\"name\":\"Shop\",\"item\":\"https:\/\/ilerodriguesnaturellement.com\/fr\/shop\/\"},{\"@type\":\"ListItem\",\"position\":3,\"name\":\"Turmeric powder\"}]},{\"@type\":\"WebSite\",\"@id\":\"https:\/\/ilerodriguesnaturellement.com\/#website\",\"url\":\"https:\/\/ilerodriguesnaturellement.com\/\",\"name\":\"Rodrigues Naturellement\",\"description\":\"Rodrigues Naturellement is Online Now . . .\",\"potentialAction\":[{\"@type\":\"SearchAction\",\"target\":{\"@type\":\"EntryPoint\",\"urlTemplate\":\"https:\/\/ilerodriguesnaturellement.com\/?s={search_term_string}\"},\"query-input\":\"required name=search_term_string\"}],\"inLanguage\":\"fr-FR\"}]}<\/script>\n<!-- \/ Yoast SEO plugin. -->","yoast_head_json":{"title":"Turmeric powder - Rodrigues Naturellement","robots":{"index":"index","follow":"follow","max-snippet":"max-snippet:-1","max-image-preview":"max-image-preview:large","max-video-preview":"max-video-preview:-1"},"canonical":"https:\/\/ilerodriguesnaturellement.com\/fr\/product\/agro\/spices\/turmeric-powder\/","og_locale":"fr_FR","og_type":"article","og_title":"Turmeric powder - Rodrigues Naturellement","og_description":"Turmeric has many scientifically proven health benefits, such as the potential to improve heart health\u00a0and prevent against Alzheimer&#8217;s and cancer. It&#8217;s a potent anti-inflammatory and antioxidant. It may also help improve symptoms of depression and arthritis","og_url":"https:\/\/ilerodriguesnaturellement.com\/fr\/product\/agro\/spices\/turmeric-powder\/","og_site_name":"Rodrigues Naturellement","article_modified_time":"2022-01-24T07:15:03+00:00","og_image":[{"width":1709,"height":2560,"url":"https:\/\/ilerodriguesnaturellement.com\/wp-content\/uploads\/2022\/01\/DSC_8319-scaled.jpg","type":"image\/jpeg"}],"twitter_card":"summary_large_image","twitter_misc":{"Dur\u00e9e de lecture estim\u00e9e":"1 minute"},"schema":{"@context":"https:\/\/schema.org","@graph":[{"@type":"WebPage","@id":"https:\/\/ilerodriguesnaturellement.com\/product\/agro\/spices\/turmeric-powder\/","url":"https:\/\/ilerodriguesnaturellement.com\/product\/agro\/spices\/turmeric-powder\/","name":"Turmeric powder - Rodrigues Naturellement","isPartOf":{"@id":"https:\/\/ilerodriguesnaturellement.com\/#website"},"datePublished":"2022-01-19T17:37:45+00:00","dateModified":"2022-01-24T07:15:03+00:00","breadcrumb":{"@id":"https:\/\/ilerodriguesnaturellement.com\/product\/agro\/spices\/turmeric-powder\/#breadcrumb"},"inLanguage":"fr-FR","potentialAction":[{"@type":"ReadAction","target":["https:\/\/ilerodriguesnaturellement.com\/product\/agro\/spices\/turmeric-powder\/"]}]},{"@type":"BreadcrumbList","@id":"https:\/\/ilerodriguesnaturellement.com\/product\/agro\/spices\/turmeric-powder\/#breadcrumb","itemListElement":[{"@type":"ListItem","position":1,"name":"Home","item":"https:\/\/ilerodriguesnaturellement.com\/"},{"@type":"ListItem","position":2,"name":"Shop","item":"https:\/\/ilerodriguesnaturellement.com\/fr\/shop\/"},{"@type":"ListItem","position":3,"name":"Turmeric powder"}]},{"@type":"WebSite","@id":"https:\/\/ilerodriguesnaturellement.com\/#website","url":"https:\/\/ilerodriguesnaturellement.com\/","name":"Rodrigues Naturellement","description":"Rodrigues Naturellement is Online Now . . .","potentialAction":[{"@type":"SearchAction","target":{"@type":"EntryPoint","urlTemplate":"https:\/\/ilerodriguesnaturellement.com\/?s={search_term_string}"},"query-input":"required name=search_term_string"}],"inLanguage":"fr-FR"}]}},"_links":{"self":[{"href":"https:\/\/ilerodriguesnaturellement.com\/fr\/wp-json\/wp\/v2\/product\/4351"}],"collection":[{"href":"https:\/\/ilerodriguesnaturellement.com\/fr\/wp-json\/wp\/v2\/product"}],"about":[{"href":"https:\/\/ilerodriguesnaturellement.com\/fr\/wp-json\/wp\/v2\/types\/product"}],"replies":[{"embeddable":true,"href":"https:\/\/ilerodriguesnaturellement.com\/fr\/wp-json\/wp\/v2\/comments?post=4351"}],"wp:featuredmedia":[{"embeddable":true,"href":"https:\/\/ilerodriguesnaturellement.com\/fr\/wp-json\/wp\/v2\/media\/4352"}],"wp:attachment":[{"href":"https:\/\/ilerodriguesnaturellement.com\/fr\/wp-json\/wp\/v2\/media?parent=4351"}],"wp:term":[{"taxonomy":"product_cat","embeddable":true,"href":"https:\/\/ilerodriguesnaturellement.com\/fr\/wp-json\/wp\/v2\/product_cat?post=4351"},{"taxonomy":"product_tag","embeddable":true,"href":"https:\/\/ilerodriguesnaturellement.com\/fr\/wp-json\/wp\/v2\/product_tag?post=4351"}],"curies":[{"name":"wp","href":"https:\/\/api.w.org\/{rel}","templated":true}]}}