{"id":4344,"date":"2022-01-19T16:35:22","date_gmt":"2022-01-19T16:35:22","guid":{"rendered":"http:\/\/ilerodriguesnaturellement.com\/?post_type=product&#038;p=4344"},"modified":"2022-01-24T07:16:44","modified_gmt":"2022-01-24T07:16:44","slug":"garlic-powder","status":"publish","type":"product","link":"https:\/\/ilerodriguesnaturellement.com\/fr\/produit\/agro\/spices\/garlic-powder\/","title":{"rendered":"Poudre d'ail"},"content":{"rendered":"<p>La poudre d'ail contient une grande combinaison de min\u00e9raux et d'antioxydants qui\u00a0<b>aide \u00e0 renforcer le syst\u00e8me immunitaire<\/b>. Consommer r\u00e9guli\u00e8rement de la poudre d'ail peut pr\u00e9venir la grippe et les infections bact\u00e9riennes. Diverses \u00e9tudes ont montr\u00e9 que la consommation d'ail peut r\u00e9duire le risque d'attraper des rhumes et des infections similaires.<\/p>","protected":false},"excerpt":{"rendered":"<p>Garlic powder has a large combination of minerals and antioxidants that\u00a0help in strengthening the immune system. Consuming garlic powder regularly can ward off the flu and bacterial infections. Various studies have shown that consuming garlic can reduce the risk of catching colds and similar infections.<\/p>","protected":false},"featured_media":4346,"comment_status":"open","ping_status":"closed","template":"","meta":[],"product_cat":[77,80],"product_tag":[],"class_list":["post-4344","product","type-product","status-publish","has-post-thumbnail","hentry","product_cat-agro","product_cat-spices"],"yoast_head":"<!-- This site is optimized with the Yoast SEO plugin v19.13 - https:\/\/yoast.com\/wordpress\/plugins\/seo\/ -->\n<title>Garlic powder - Rodrigues Naturellement<\/title>\n<meta name=\"robots\" content=\"index, follow, max-snippet:-1, max-image-preview:large, max-video-preview:-1\" \/>\n<link rel=\"canonical\" href=\"https:\/\/ilerodriguesnaturellement.com\/fr\/product\/agro\/spices\/garlic-powder\/\" \/>\n<meta property=\"og:locale\" content=\"fr_FR\" \/>\n<meta property=\"og:type\" content=\"article\" \/>\n<meta property=\"og:title\" content=\"Garlic powder - Rodrigues Naturellement\" \/>\n<meta property=\"og:description\" content=\"Garlic powder has a large combination of minerals and antioxidants that\u00a0help in strengthening the immune system. Consuming garlic powder regularly can ward off the flu and bacterial infections. Various studies have shown that consuming garlic can reduce the risk of catching colds and similar infections.\" \/>\n<meta property=\"og:url\" content=\"https:\/\/ilerodriguesnaturellement.com\/fr\/product\/agro\/spices\/garlic-powder\/\" \/>\n<meta property=\"og:site_name\" content=\"Rodrigues Naturellement\" \/>\n<meta property=\"article:modified_time\" content=\"2022-01-24T07:16:44+00:00\" \/>\n<meta property=\"og:image\" content=\"https:\/\/ilerodriguesnaturellement.com\/wp-content\/uploads\/2022\/01\/DSC_8325-scaled.jpg\" \/>\n\t<meta property=\"og:image:width\" content=\"1709\" \/>\n\t<meta property=\"og:image:height\" content=\"2560\" \/>\n\t<meta property=\"og:image:type\" content=\"image\/jpeg\" \/>\n<meta name=\"twitter:card\" content=\"summary_large_image\" \/>\n<script type=\"application\/ld+json\" class=\"yoast-schema-graph\">{\"@context\":\"https:\/\/schema.org\",\"@graph\":[{\"@type\":\"WebPage\",\"@id\":\"https:\/\/ilerodriguesnaturellement.com\/product\/agro\/spices\/garlic-powder\/\",\"url\":\"https:\/\/ilerodriguesnaturellement.com\/product\/agro\/spices\/garlic-powder\/\",\"name\":\"Garlic powder - Rodrigues Naturellement\",\"isPartOf\":{\"@id\":\"https:\/\/ilerodriguesnaturellement.com\/#website\"},\"datePublished\":\"2022-01-19T16:35:22+00:00\",\"dateModified\":\"2022-01-24T07:16:44+00:00\",\"breadcrumb\":{\"@id\":\"https:\/\/ilerodriguesnaturellement.com\/product\/agro\/spices\/garlic-powder\/#breadcrumb\"},\"inLanguage\":\"fr-FR\",\"potentialAction\":[{\"@type\":\"ReadAction\",\"target\":[\"https:\/\/ilerodriguesnaturellement.com\/product\/agro\/spices\/garlic-powder\/\"]}]},{\"@type\":\"BreadcrumbList\",\"@id\":\"https:\/\/ilerodriguesnaturellement.com\/product\/agro\/spices\/garlic-powder\/#breadcrumb\",\"itemListElement\":[{\"@type\":\"ListItem\",\"position\":1,\"name\":\"Home\",\"item\":\"https:\/\/ilerodriguesnaturellement.com\/\"},{\"@type\":\"ListItem\",\"position\":2,\"name\":\"Shop\",\"item\":\"https:\/\/ilerodriguesnaturellement.com\/fr\/shop\/\"},{\"@type\":\"ListItem\",\"position\":3,\"name\":\"Garlic powder\"}]},{\"@type\":\"WebSite\",\"@id\":\"https:\/\/ilerodriguesnaturellement.com\/#website\",\"url\":\"https:\/\/ilerodriguesnaturellement.com\/\",\"name\":\"Rodrigues Naturellement\",\"description\":\"Rodrigues Naturellement is Online Now . . .\",\"potentialAction\":[{\"@type\":\"SearchAction\",\"target\":{\"@type\":\"EntryPoint\",\"urlTemplate\":\"https:\/\/ilerodriguesnaturellement.com\/?s={search_term_string}\"},\"query-input\":\"required name=search_term_string\"}],\"inLanguage\":\"fr-FR\"}]}<\/script>\n<!-- \/ Yoast SEO plugin. -->","yoast_head_json":{"title":"Garlic powder - Rodrigues Naturellement","robots":{"index":"index","follow":"follow","max-snippet":"max-snippet:-1","max-image-preview":"max-image-preview:large","max-video-preview":"max-video-preview:-1"},"canonical":"https:\/\/ilerodriguesnaturellement.com\/fr\/product\/agro\/spices\/garlic-powder\/","og_locale":"fr_FR","og_type":"article","og_title":"Garlic powder - Rodrigues Naturellement","og_description":"Garlic powder has a large combination of minerals and antioxidants that\u00a0help in strengthening the immune system. Consuming garlic powder regularly can ward off the flu and bacterial infections. Various studies have shown that consuming garlic can reduce the risk of catching colds and similar infections.","og_url":"https:\/\/ilerodriguesnaturellement.com\/fr\/product\/agro\/spices\/garlic-powder\/","og_site_name":"Rodrigues Naturellement","article_modified_time":"2022-01-24T07:16:44+00:00","og_image":[{"width":1709,"height":2560,"url":"https:\/\/ilerodriguesnaturellement.com\/wp-content\/uploads\/2022\/01\/DSC_8325-scaled.jpg","type":"image\/jpeg"}],"twitter_card":"summary_large_image","schema":{"@context":"https:\/\/schema.org","@graph":[{"@type":"WebPage","@id":"https:\/\/ilerodriguesnaturellement.com\/product\/agro\/spices\/garlic-powder\/","url":"https:\/\/ilerodriguesnaturellement.com\/product\/agro\/spices\/garlic-powder\/","name":"Garlic powder - Rodrigues Naturellement","isPartOf":{"@id":"https:\/\/ilerodriguesnaturellement.com\/#website"},"datePublished":"2022-01-19T16:35:22+00:00","dateModified":"2022-01-24T07:16:44+00:00","breadcrumb":{"@id":"https:\/\/ilerodriguesnaturellement.com\/product\/agro\/spices\/garlic-powder\/#breadcrumb"},"inLanguage":"fr-FR","potentialAction":[{"@type":"ReadAction","target":["https:\/\/ilerodriguesnaturellement.com\/product\/agro\/spices\/garlic-powder\/"]}]},{"@type":"BreadcrumbList","@id":"https:\/\/ilerodriguesnaturellement.com\/product\/agro\/spices\/garlic-powder\/#breadcrumb","itemListElement":[{"@type":"ListItem","position":1,"name":"Home","item":"https:\/\/ilerodriguesnaturellement.com\/"},{"@type":"ListItem","position":2,"name":"Shop","item":"https:\/\/ilerodriguesnaturellement.com\/fr\/shop\/"},{"@type":"ListItem","position":3,"name":"Garlic powder"}]},{"@type":"WebSite","@id":"https:\/\/ilerodriguesnaturellement.com\/#website","url":"https:\/\/ilerodriguesnaturellement.com\/","name":"Rodrigues Naturellement","description":"Rodrigues Naturellement is Online Now . . .","potentialAction":[{"@type":"SearchAction","target":{"@type":"EntryPoint","urlTemplate":"https:\/\/ilerodriguesnaturellement.com\/?s={search_term_string}"},"query-input":"required name=search_term_string"}],"inLanguage":"fr-FR"}]}},"_links":{"self":[{"href":"https:\/\/ilerodriguesnaturellement.com\/fr\/wp-json\/wp\/v2\/product\/4344"}],"collection":[{"href":"https:\/\/ilerodriguesnaturellement.com\/fr\/wp-json\/wp\/v2\/product"}],"about":[{"href":"https:\/\/ilerodriguesnaturellement.com\/fr\/wp-json\/wp\/v2\/types\/product"}],"replies":[{"embeddable":true,"href":"https:\/\/ilerodriguesnaturellement.com\/fr\/wp-json\/wp\/v2\/comments?post=4344"}],"wp:featuredmedia":[{"embeddable":true,"href":"https:\/\/ilerodriguesnaturellement.com\/fr\/wp-json\/wp\/v2\/media\/4346"}],"wp:attachment":[{"href":"https:\/\/ilerodriguesnaturellement.com\/fr\/wp-json\/wp\/v2\/media?parent=4344"}],"wp:term":[{"taxonomy":"product_cat","embeddable":true,"href":"https:\/\/ilerodriguesnaturellement.com\/fr\/wp-json\/wp\/v2\/product_cat?post=4344"},{"taxonomy":"product_tag","embeddable":true,"href":"https:\/\/ilerodriguesnaturellement.com\/fr\/wp-json\/wp\/v2\/product_tag?post=4344"}],"curies":[{"name":"wp","href":"https:\/\/api.w.org\/{rel}","templated":true}]}}