{"id":4326,"date":"2022-01-19T10:38:39","date_gmt":"2022-01-19T10:38:39","guid":{"rendered":"http:\/\/ilerodriguesnaturellement.com\/?post_type=product&#038;p=4326"},"modified":"2022-01-25T05:44:22","modified_gmt":"2022-01-25T05:44:22","slug":"sac-a-main","status":"publish","type":"product","link":"https:\/\/ilerodriguesnaturellement.com\/fr\/produit\/handicraft\/bags\/sac-a-main\/","title":{"rendered":"Sac \u00e0 main"},"content":{"rendered":"<pre id=\"tw-target-text\" class=\"tw-data-text tw-text-large tw-ta\" dir=\"ltr\" data-placeholder=\"Translation\"><span class=\"Y2IQFc\" lang=\"en\">Sac \u00e0 main avec jute et toile d'araign\u00e9e\n\nLes sacs \u00e0 main en jute sont excellents pour ceux qui recherchent un sac durable qui devrait fonctionner longtemps.\nLes fabricants d'aujourd'hui ont ajout\u00e9 un certain nombre de produits dans cette cat\u00e9gorie et vous pouvez facilement obtenir un sac \u00e0 main en jute de haute qualit\u00e9 sur le march\u00e9.\nCes sacs \u00e0 main sont fabriqu\u00e9s \u00e0 partir de fibres tr\u00e8s r\u00e9sistantes.\nDiff\u00e9rents types de sacs \u00e0 main et de sacs sont disponibles d\u00e8s maintenant. Les sacs en jute sont respectueux de l'environnement et le mat\u00e9riau de ce sac peut \u00e9galement \u00eatre utilis\u00e9 pour concevoir de nombreux autres produits.\r\n<\/span><\/pre>","protected":false},"excerpt":{"rendered":"<p>Handbag with jute and cobweb Jute handbags are excellent for those who are looking for a durable bag which should work for a long time. These days\u2019 makers have added a number of products in this category and you can easily get a high-quality jute handbag in the market. These handbags are made from fibers [&#8230;]","protected":false},"featured_media":4327,"comment_status":"open","ping_status":"closed","template":"","meta":[],"product_cat":[15,70],"product_tag":[],"class_list":["post-4326","product","type-product","status-publish","has-post-thumbnail","hentry","product_cat-handicraft","product_cat-bags"],"yoast_head":"<!-- This site is optimized with the Yoast SEO plugin v19.13 - https:\/\/yoast.com\/wordpress\/plugins\/seo\/ -->\n<title>Handbag - Rodrigues Naturellement<\/title>\n<meta name=\"robots\" content=\"index, follow, max-snippet:-1, max-image-preview:large, max-video-preview:-1\" \/>\n<link rel=\"canonical\" href=\"https:\/\/ilerodriguesnaturellement.com\/fr\/product\/handicraft\/bags\/sac-a-main\/\" \/>\n<meta property=\"og:locale\" content=\"fr_FR\" \/>\n<meta property=\"og:type\" content=\"article\" \/>\n<meta property=\"og:title\" content=\"Handbag - Rodrigues Naturellement\" \/>\n<meta property=\"og:description\" content=\"Handbag with jute and cobweb Jute handbags are excellent for those who are looking for a durable bag which should work for a long time. These days\u2019 makers have added a number of products in this category and you can easily get a high-quality jute handbag in the market. These handbags are made from fibers [...]\" \/>\n<meta property=\"og:url\" content=\"https:\/\/ilerodriguesnaturellement.com\/fr\/product\/handicraft\/bags\/sac-a-main\/\" \/>\n<meta property=\"og:site_name\" content=\"Rodrigues Naturellement\" \/>\n<meta property=\"article:modified_time\" content=\"2022-01-25T05:44:22+00:00\" \/>\n<meta property=\"og:image\" content=\"https:\/\/ilerodriguesnaturellement.com\/wp-content\/uploads\/2022\/01\/DSC_8532-scaled.jpg\" \/>\n\t<meta property=\"og:image:width\" content=\"2560\" \/>\n\t<meta property=\"og:image:height\" content=\"1862\" \/>\n\t<meta property=\"og:image:type\" content=\"image\/jpeg\" \/>\n<meta name=\"twitter:card\" content=\"summary_large_image\" \/>\n<meta name=\"twitter:label1\" content=\"Dur\u00e9e de lecture estim\u00e9e\" \/>\n\t<meta name=\"twitter:data1\" content=\"1 minute\" \/>\n<script type=\"application\/ld+json\" class=\"yoast-schema-graph\">{\"@context\":\"https:\/\/schema.org\",\"@graph\":[{\"@type\":\"WebPage\",\"@id\":\"https:\/\/ilerodriguesnaturellement.com\/product\/handicraft\/bags\/sac-a-main\/\",\"url\":\"https:\/\/ilerodriguesnaturellement.com\/product\/handicraft\/bags\/sac-a-main\/\",\"name\":\"Handbag - Rodrigues Naturellement\",\"isPartOf\":{\"@id\":\"https:\/\/ilerodriguesnaturellement.com\/#website\"},\"datePublished\":\"2022-01-19T10:38:39+00:00\",\"dateModified\":\"2022-01-25T05:44:22+00:00\",\"breadcrumb\":{\"@id\":\"https:\/\/ilerodriguesnaturellement.com\/product\/handicraft\/bags\/sac-a-main\/#breadcrumb\"},\"inLanguage\":\"fr-FR\",\"potentialAction\":[{\"@type\":\"ReadAction\",\"target\":[\"https:\/\/ilerodriguesnaturellement.com\/product\/handicraft\/bags\/sac-a-main\/\"]}]},{\"@type\":\"BreadcrumbList\",\"@id\":\"https:\/\/ilerodriguesnaturellement.com\/product\/handicraft\/bags\/sac-a-main\/#breadcrumb\",\"itemListElement\":[{\"@type\":\"ListItem\",\"position\":1,\"name\":\"Home\",\"item\":\"https:\/\/ilerodriguesnaturellement.com\/\"},{\"@type\":\"ListItem\",\"position\":2,\"name\":\"Shop\",\"item\":\"https:\/\/ilerodriguesnaturellement.com\/fr\/shop\/\"},{\"@type\":\"ListItem\",\"position\":3,\"name\":\"Handbag\"}]},{\"@type\":\"WebSite\",\"@id\":\"https:\/\/ilerodriguesnaturellement.com\/#website\",\"url\":\"https:\/\/ilerodriguesnaturellement.com\/\",\"name\":\"Rodrigues Naturellement\",\"description\":\"Rodrigues Naturellement is Online Now . . .\",\"potentialAction\":[{\"@type\":\"SearchAction\",\"target\":{\"@type\":\"EntryPoint\",\"urlTemplate\":\"https:\/\/ilerodriguesnaturellement.com\/?s={search_term_string}\"},\"query-input\":\"required name=search_term_string\"}],\"inLanguage\":\"fr-FR\"}]}<\/script>\n<!-- \/ Yoast SEO plugin. -->","yoast_head_json":{"title":"Handbag - Rodrigues Naturellement","robots":{"index":"index","follow":"follow","max-snippet":"max-snippet:-1","max-image-preview":"max-image-preview:large","max-video-preview":"max-video-preview:-1"},"canonical":"https:\/\/ilerodriguesnaturellement.com\/fr\/product\/handicraft\/bags\/sac-a-main\/","og_locale":"fr_FR","og_type":"article","og_title":"Handbag - Rodrigues Naturellement","og_description":"Handbag with jute and cobweb Jute handbags are excellent for those who are looking for a durable bag which should work for a long time. These days\u2019 makers have added a number of products in this category and you can easily get a high-quality jute handbag in the market. These handbags are made from fibers [...]","og_url":"https:\/\/ilerodriguesnaturellement.com\/fr\/product\/handicraft\/bags\/sac-a-main\/","og_site_name":"Rodrigues Naturellement","article_modified_time":"2022-01-25T05:44:22+00:00","og_image":[{"width":2560,"height":1862,"url":"https:\/\/ilerodriguesnaturellement.com\/wp-content\/uploads\/2022\/01\/DSC_8532-scaled.jpg","type":"image\/jpeg"}],"twitter_card":"summary_large_image","twitter_misc":{"Dur\u00e9e de lecture estim\u00e9e":"1 minute"},"schema":{"@context":"https:\/\/schema.org","@graph":[{"@type":"WebPage","@id":"https:\/\/ilerodriguesnaturellement.com\/product\/handicraft\/bags\/sac-a-main\/","url":"https:\/\/ilerodriguesnaturellement.com\/product\/handicraft\/bags\/sac-a-main\/","name":"Handbag - Rodrigues Naturellement","isPartOf":{"@id":"https:\/\/ilerodriguesnaturellement.com\/#website"},"datePublished":"2022-01-19T10:38:39+00:00","dateModified":"2022-01-25T05:44:22+00:00","breadcrumb":{"@id":"https:\/\/ilerodriguesnaturellement.com\/product\/handicraft\/bags\/sac-a-main\/#breadcrumb"},"inLanguage":"fr-FR","potentialAction":[{"@type":"ReadAction","target":["https:\/\/ilerodriguesnaturellement.com\/product\/handicraft\/bags\/sac-a-main\/"]}]},{"@type":"BreadcrumbList","@id":"https:\/\/ilerodriguesnaturellement.com\/product\/handicraft\/bags\/sac-a-main\/#breadcrumb","itemListElement":[{"@type":"ListItem","position":1,"name":"Home","item":"https:\/\/ilerodriguesnaturellement.com\/"},{"@type":"ListItem","position":2,"name":"Shop","item":"https:\/\/ilerodriguesnaturellement.com\/fr\/shop\/"},{"@type":"ListItem","position":3,"name":"Handbag"}]},{"@type":"WebSite","@id":"https:\/\/ilerodriguesnaturellement.com\/#website","url":"https:\/\/ilerodriguesnaturellement.com\/","name":"Rodrigues Naturellement","description":"Rodrigues Naturellement is Online Now . . .","potentialAction":[{"@type":"SearchAction","target":{"@type":"EntryPoint","urlTemplate":"https:\/\/ilerodriguesnaturellement.com\/?s={search_term_string}"},"query-input":"required name=search_term_string"}],"inLanguage":"fr-FR"}]}},"_links":{"self":[{"href":"https:\/\/ilerodriguesnaturellement.com\/fr\/wp-json\/wp\/v2\/product\/4326"}],"collection":[{"href":"https:\/\/ilerodriguesnaturellement.com\/fr\/wp-json\/wp\/v2\/product"}],"about":[{"href":"https:\/\/ilerodriguesnaturellement.com\/fr\/wp-json\/wp\/v2\/types\/product"}],"replies":[{"embeddable":true,"href":"https:\/\/ilerodriguesnaturellement.com\/fr\/wp-json\/wp\/v2\/comments?post=4326"}],"wp:featuredmedia":[{"embeddable":true,"href":"https:\/\/ilerodriguesnaturellement.com\/fr\/wp-json\/wp\/v2\/media\/4327"}],"wp:attachment":[{"href":"https:\/\/ilerodriguesnaturellement.com\/fr\/wp-json\/wp\/v2\/media?parent=4326"}],"wp:term":[{"taxonomy":"product_cat","embeddable":true,"href":"https:\/\/ilerodriguesnaturellement.com\/fr\/wp-json\/wp\/v2\/product_cat?post=4326"},{"taxonomy":"product_tag","embeddable":true,"href":"https:\/\/ilerodriguesnaturellement.com\/fr\/wp-json\/wp\/v2\/product_tag?post=4326"}],"curies":[{"name":"wp","href":"https:\/\/api.w.org\/{rel}","templated":true}]}}