{"id":4322,"date":"2022-01-19T10:25:45","date_gmt":"2022-01-19T10:25:45","guid":{"rendered":"http:\/\/ilerodriguesnaturellement.com\/?post_type=product&#038;p=4322"},"modified":"2026-01-06T17:24:27","modified_gmt":"2026-01-06T17:24:27","slug":"grand-sac-de-plage-avec-double-fleurs-hibiscus-applique","status":"publish","type":"product","link":"https:\/\/ilerodriguesnaturellement.com\/fr\/produit\/handicraft\/grand-sac-de-plage-avec-double-fleurs-hibiscus-applique\/","title":{"rendered":"Grand sac de plage avec double appliqu\u00e9 fleurs d'hibiscus"},"content":{"rendered":"<p><span class=\"Y2IQFc\" lang=\"en\"> Un sac de plage spacieux est ind\u00e9niablement l'un des accessoires les plus importants de la saison. <\/span><\/p>\n<p><span class=\"Y2IQFc\" lang=\"en\">Jetez votre cr\u00e8me solaire, votre bouteille d'eau et votre serviette de plage dans notre grand sac de plage avec une double applique de fleurs d'hibiscus, votre lit d'\u00e9t\u00e9 et votre chapeau de soleil dans une poign\u00e9e sup\u00e9rieure tiss\u00e9e color\u00e9e, ou \u00e0 peu pr\u00e8s n'importe quoi.<\/span><\/p>","protected":false},"excerpt":{"rendered":"<p>A roomy beach bag is undeniably one of the season&#8217;s most important accessories. Throw your sunscreen, water bottle, and beach towel into our Large beach bag with double hibiscus flowers applique, your summer read and sun hat into a colorful woven top handle, or just about anything<\/p>","protected":false},"featured_media":4323,"comment_status":"open","ping_status":"closed","template":"","meta":[],"product_cat":[15],"product_tag":[],"class_list":["post-4322","product","type-product","status-publish","has-post-thumbnail","hentry","product_cat-handicraft"],"yoast_head":"<!-- This site is optimized with the Yoast SEO plugin v19.13 - https:\/\/yoast.com\/wordpress\/plugins\/seo\/ -->\n<title>Large beach bag with double hibiscus flowers applique - Rodrigues Naturellement<\/title>\n<meta name=\"robots\" content=\"index, follow, max-snippet:-1, max-image-preview:large, max-video-preview:-1\" \/>\n<link rel=\"canonical\" href=\"https:\/\/ilerodriguesnaturellement.com\/fr\/product\/handicraft\/grand-sac-de-plage-avec-double-fleurs-hibiscus-applique\/\" \/>\n<meta property=\"og:locale\" content=\"fr_FR\" \/>\n<meta property=\"og:type\" content=\"article\" \/>\n<meta property=\"og:title\" content=\"Large beach bag with double hibiscus flowers applique - Rodrigues Naturellement\" \/>\n<meta property=\"og:description\" content=\"A roomy beach bag is undeniably one of the season&#8217;s most important accessories. Throw your sunscreen, water bottle, and beach towel into our Large beach bag with double hibiscus flowers applique, your summer read and sun hat into a colorful woven top handle, or just about anything\" \/>\n<meta property=\"og:url\" content=\"https:\/\/ilerodriguesnaturellement.com\/fr\/product\/handicraft\/grand-sac-de-plage-avec-double-fleurs-hibiscus-applique\/\" \/>\n<meta property=\"og:site_name\" content=\"Rodrigues Naturellement\" \/>\n<meta property=\"article:modified_time\" content=\"2026-01-06T17:24:27+00:00\" \/>\n<meta property=\"og:image\" content=\"https:\/\/ilerodriguesnaturellement.com\/wp-content\/uploads\/2022\/01\/DSC_8522-scaled.jpg\" \/>\n\t<meta property=\"og:image:width\" content=\"2560\" \/>\n\t<meta property=\"og:image:height\" content=\"1862\" \/>\n\t<meta property=\"og:image:type\" content=\"image\/jpeg\" \/>\n<meta name=\"twitter:card\" content=\"summary_large_image\" \/>\n<meta name=\"twitter:label1\" content=\"Dur\u00e9e de lecture estim\u00e9e\" \/>\n\t<meta name=\"twitter:data1\" content=\"1 minute\" \/>\n<script type=\"application\/ld+json\" class=\"yoast-schema-graph\">{\"@context\":\"https:\/\/schema.org\",\"@graph\":[{\"@type\":\"WebPage\",\"@id\":\"https:\/\/ilerodriguesnaturellement.com\/product\/handicraft\/grand-sac-de-plage-avec-double-fleurs-hibiscus-applique\/\",\"url\":\"https:\/\/ilerodriguesnaturellement.com\/product\/handicraft\/grand-sac-de-plage-avec-double-fleurs-hibiscus-applique\/\",\"name\":\"Large beach bag with double hibiscus flowers applique - Rodrigues Naturellement\",\"isPartOf\":{\"@id\":\"https:\/\/ilerodriguesnaturellement.com\/#website\"},\"datePublished\":\"2022-01-19T10:25:45+00:00\",\"dateModified\":\"2026-01-06T17:24:27+00:00\",\"breadcrumb\":{\"@id\":\"https:\/\/ilerodriguesnaturellement.com\/product\/handicraft\/grand-sac-de-plage-avec-double-fleurs-hibiscus-applique\/#breadcrumb\"},\"inLanguage\":\"fr-FR\",\"potentialAction\":[{\"@type\":\"ReadAction\",\"target\":[\"https:\/\/ilerodriguesnaturellement.com\/product\/handicraft\/grand-sac-de-plage-avec-double-fleurs-hibiscus-applique\/\"]}]},{\"@type\":\"BreadcrumbList\",\"@id\":\"https:\/\/ilerodriguesnaturellement.com\/product\/handicraft\/grand-sac-de-plage-avec-double-fleurs-hibiscus-applique\/#breadcrumb\",\"itemListElement\":[{\"@type\":\"ListItem\",\"position\":1,\"name\":\"Home\",\"item\":\"https:\/\/ilerodriguesnaturellement.com\/\"},{\"@type\":\"ListItem\",\"position\":2,\"name\":\"Shop\",\"item\":\"https:\/\/ilerodriguesnaturellement.com\/fr\/shop\/\"},{\"@type\":\"ListItem\",\"position\":3,\"name\":\"Large beach bag with double hibiscus flowers applique\"}]},{\"@type\":\"WebSite\",\"@id\":\"https:\/\/ilerodriguesnaturellement.com\/#website\",\"url\":\"https:\/\/ilerodriguesnaturellement.com\/\",\"name\":\"Rodrigues Naturellement\",\"description\":\"Rodrigues Naturellement is Online Now . . .\",\"potentialAction\":[{\"@type\":\"SearchAction\",\"target\":{\"@type\":\"EntryPoint\",\"urlTemplate\":\"https:\/\/ilerodriguesnaturellement.com\/?s={search_term_string}\"},\"query-input\":\"required name=search_term_string\"}],\"inLanguage\":\"fr-FR\"}]}<\/script>\n<!-- \/ Yoast SEO plugin. -->","yoast_head_json":{"title":"Large beach bag with double hibiscus flowers applique - Rodrigues Naturellement","robots":{"index":"index","follow":"follow","max-snippet":"max-snippet:-1","max-image-preview":"max-image-preview:large","max-video-preview":"max-video-preview:-1"},"canonical":"https:\/\/ilerodriguesnaturellement.com\/fr\/product\/handicraft\/grand-sac-de-plage-avec-double-fleurs-hibiscus-applique\/","og_locale":"fr_FR","og_type":"article","og_title":"Large beach bag with double hibiscus flowers applique - Rodrigues Naturellement","og_description":"A roomy beach bag is undeniably one of the season&#8217;s most important accessories. Throw your sunscreen, water bottle, and beach towel into our Large beach bag with double hibiscus flowers applique, your summer read and sun hat into a colorful woven top handle, or just about anything","og_url":"https:\/\/ilerodriguesnaturellement.com\/fr\/product\/handicraft\/grand-sac-de-plage-avec-double-fleurs-hibiscus-applique\/","og_site_name":"Rodrigues Naturellement","article_modified_time":"2026-01-06T17:24:27+00:00","og_image":[{"width":2560,"height":1862,"url":"https:\/\/ilerodriguesnaturellement.com\/wp-content\/uploads\/2022\/01\/DSC_8522-scaled.jpg","type":"image\/jpeg"}],"twitter_card":"summary_large_image","twitter_misc":{"Dur\u00e9e de lecture estim\u00e9e":"1 minute"},"schema":{"@context":"https:\/\/schema.org","@graph":[{"@type":"WebPage","@id":"https:\/\/ilerodriguesnaturellement.com\/product\/handicraft\/grand-sac-de-plage-avec-double-fleurs-hibiscus-applique\/","url":"https:\/\/ilerodriguesnaturellement.com\/product\/handicraft\/grand-sac-de-plage-avec-double-fleurs-hibiscus-applique\/","name":"Large beach bag with double hibiscus flowers applique - Rodrigues Naturellement","isPartOf":{"@id":"https:\/\/ilerodriguesnaturellement.com\/#website"},"datePublished":"2022-01-19T10:25:45+00:00","dateModified":"2026-01-06T17:24:27+00:00","breadcrumb":{"@id":"https:\/\/ilerodriguesnaturellement.com\/product\/handicraft\/grand-sac-de-plage-avec-double-fleurs-hibiscus-applique\/#breadcrumb"},"inLanguage":"fr-FR","potentialAction":[{"@type":"ReadAction","target":["https:\/\/ilerodriguesnaturellement.com\/product\/handicraft\/grand-sac-de-plage-avec-double-fleurs-hibiscus-applique\/"]}]},{"@type":"BreadcrumbList","@id":"https:\/\/ilerodriguesnaturellement.com\/product\/handicraft\/grand-sac-de-plage-avec-double-fleurs-hibiscus-applique\/#breadcrumb","itemListElement":[{"@type":"ListItem","position":1,"name":"Home","item":"https:\/\/ilerodriguesnaturellement.com\/"},{"@type":"ListItem","position":2,"name":"Shop","item":"https:\/\/ilerodriguesnaturellement.com\/fr\/shop\/"},{"@type":"ListItem","position":3,"name":"Large beach bag with double hibiscus flowers applique"}]},{"@type":"WebSite","@id":"https:\/\/ilerodriguesnaturellement.com\/#website","url":"https:\/\/ilerodriguesnaturellement.com\/","name":"Rodrigues Naturellement","description":"Rodrigues Naturellement is Online Now . . .","potentialAction":[{"@type":"SearchAction","target":{"@type":"EntryPoint","urlTemplate":"https:\/\/ilerodriguesnaturellement.com\/?s={search_term_string}"},"query-input":"required name=search_term_string"}],"inLanguage":"fr-FR"}]}},"_links":{"self":[{"href":"https:\/\/ilerodriguesnaturellement.com\/fr\/wp-json\/wp\/v2\/product\/4322"}],"collection":[{"href":"https:\/\/ilerodriguesnaturellement.com\/fr\/wp-json\/wp\/v2\/product"}],"about":[{"href":"https:\/\/ilerodriguesnaturellement.com\/fr\/wp-json\/wp\/v2\/types\/product"}],"replies":[{"embeddable":true,"href":"https:\/\/ilerodriguesnaturellement.com\/fr\/wp-json\/wp\/v2\/comments?post=4322"}],"wp:featuredmedia":[{"embeddable":true,"href":"https:\/\/ilerodriguesnaturellement.com\/fr\/wp-json\/wp\/v2\/media\/4323"}],"wp:attachment":[{"href":"https:\/\/ilerodriguesnaturellement.com\/fr\/wp-json\/wp\/v2\/media?parent=4322"}],"wp:term":[{"taxonomy":"product_cat","embeddable":true,"href":"https:\/\/ilerodriguesnaturellement.com\/fr\/wp-json\/wp\/v2\/product_cat?post=4322"},{"taxonomy":"product_tag","embeddable":true,"href":"https:\/\/ilerodriguesnaturellement.com\/fr\/wp-json\/wp\/v2\/product_tag?post=4322"}],"curies":[{"name":"wp","href":"https:\/\/api.w.org\/{rel}","templated":true}]}}