{"id":4318,"date":"2022-01-19T10:09:16","date_gmt":"2022-01-19T10:09:16","guid":{"rendered":"http:\/\/ilerodriguesnaturellement.com\/?post_type=product&#038;p=4318"},"modified":"2026-01-06T17:26:09","modified_gmt":"2026-01-06T17:26:09","slug":"grand-sac-de-plage-applique-tortue","status":"publish","type":"product","link":"https:\/\/ilerodriguesnaturellement.com\/fr\/produit\/handicraft\/bags\/grand-sac-de-plage-applique-tortue\/","title":{"rendered":"Grand sac de plage appliqu\u00e9 tortue"},"content":{"rendered":"<pre id=\"tw-target-text\" class=\"tw-data-text tw-text-large tw-ta\" dir=\"ltr\" data-placeholder=\"Translation\"><span class=\"Y2IQFc\" lang=\"en\">Grand sac de plage appliqu\u00e9 tortue\nUn sac de plage spacieux est ind\u00e9niablement l'un des accessoires les plus importants de la saison.\nJetez votre cr\u00e8me solaire, votre bouteille d'eau et votre serviette de plage dans notre grand sac de plage \u00e0 appliqu\u00e9 tortue, votre lit d'\u00e9t\u00e9 et votre chapeau de soleil dans une poign\u00e9e sup\u00e9rieure tiss\u00e9e color\u00e9e, ou \u00e0 peu pr\u00e8s n'importe quoi.\r\n<\/span><\/pre>","protected":false},"excerpt":{"rendered":"<p>Large turtle appliqu\u00e9 beach bag A roomy beach bag is undeniably one of the season&#8217;s most important accessories. Throw your sunscreen, water bottle, and beach towel into our Large turtle appliqu\u00e9 beach bag , your summer read and sun hat into a colorful woven top handle, or just about anything<\/p>","protected":false},"featured_media":4319,"comment_status":"open","ping_status":"closed","template":"","meta":[],"product_cat":[15,70],"product_tag":[],"class_list":["post-4318","product","type-product","status-publish","has-post-thumbnail","hentry","product_cat-handicraft","product_cat-bags"],"yoast_head":"<!-- This site is optimized with the Yoast SEO plugin v19.13 - https:\/\/yoast.com\/wordpress\/plugins\/seo\/ -->\n<title>Large turtle appliqu\u00e9 beach bag - Rodrigues Naturellement<\/title>\n<meta name=\"robots\" content=\"index, follow, max-snippet:-1, max-image-preview:large, max-video-preview:-1\" \/>\n<link rel=\"canonical\" href=\"https:\/\/ilerodriguesnaturellement.com\/fr\/product\/handicraft\/bags\/grand-sac-de-plage-applique-tortue\/\" \/>\n<meta property=\"og:locale\" content=\"fr_FR\" \/>\n<meta property=\"og:type\" content=\"article\" \/>\n<meta property=\"og:title\" content=\"Large turtle appliqu\u00e9 beach bag - Rodrigues Naturellement\" \/>\n<meta property=\"og:description\" content=\"Large turtle appliqu\u00e9 beach bag A roomy beach bag is undeniably one of the season&#039;s most important accessories. Throw your sunscreen, water bottle, and beach towel into our Large turtle appliqu\u00e9 beach bag , your summer read and sun hat into a colorful woven top handle, or just about anything\" \/>\n<meta property=\"og:url\" content=\"https:\/\/ilerodriguesnaturellement.com\/fr\/product\/handicraft\/bags\/grand-sac-de-plage-applique-tortue\/\" \/>\n<meta property=\"og:site_name\" content=\"Rodrigues Naturellement\" \/>\n<meta property=\"article:modified_time\" content=\"2026-01-06T17:26:09+00:00\" \/>\n<meta property=\"og:image\" content=\"https:\/\/ilerodriguesnaturellement.com\/wp-content\/uploads\/2022\/01\/DSC_8541-scaled.jpg\" \/>\n\t<meta property=\"og:image:width\" content=\"2560\" \/>\n\t<meta property=\"og:image:height\" content=\"1709\" \/>\n\t<meta property=\"og:image:type\" content=\"image\/jpeg\" \/>\n<meta name=\"twitter:card\" content=\"summary_large_image\" \/>\n<meta name=\"twitter:label1\" content=\"Dur\u00e9e de lecture estim\u00e9e\" \/>\n\t<meta name=\"twitter:data1\" content=\"1 minute\" \/>\n<script type=\"application\/ld+json\" class=\"yoast-schema-graph\">{\"@context\":\"https:\/\/schema.org\",\"@graph\":[{\"@type\":\"WebPage\",\"@id\":\"https:\/\/ilerodriguesnaturellement.com\/product\/handicraft\/bags\/grand-sac-de-plage-applique-tortue\/\",\"url\":\"https:\/\/ilerodriguesnaturellement.com\/product\/handicraft\/bags\/grand-sac-de-plage-applique-tortue\/\",\"name\":\"Large turtle appliqu\u00e9 beach bag - Rodrigues Naturellement\",\"isPartOf\":{\"@id\":\"https:\/\/ilerodriguesnaturellement.com\/#website\"},\"datePublished\":\"2022-01-19T10:09:16+00:00\",\"dateModified\":\"2026-01-06T17:26:09+00:00\",\"breadcrumb\":{\"@id\":\"https:\/\/ilerodriguesnaturellement.com\/product\/handicraft\/bags\/grand-sac-de-plage-applique-tortue\/#breadcrumb\"},\"inLanguage\":\"fr-FR\",\"potentialAction\":[{\"@type\":\"ReadAction\",\"target\":[\"https:\/\/ilerodriguesnaturellement.com\/product\/handicraft\/bags\/grand-sac-de-plage-applique-tortue\/\"]}]},{\"@type\":\"BreadcrumbList\",\"@id\":\"https:\/\/ilerodriguesnaturellement.com\/product\/handicraft\/bags\/grand-sac-de-plage-applique-tortue\/#breadcrumb\",\"itemListElement\":[{\"@type\":\"ListItem\",\"position\":1,\"name\":\"Home\",\"item\":\"https:\/\/ilerodriguesnaturellement.com\/\"},{\"@type\":\"ListItem\",\"position\":2,\"name\":\"Shop\",\"item\":\"https:\/\/ilerodriguesnaturellement.com\/fr\/shop\/\"},{\"@type\":\"ListItem\",\"position\":3,\"name\":\"Large turtle appliqu\u00e9 beach bag\"}]},{\"@type\":\"WebSite\",\"@id\":\"https:\/\/ilerodriguesnaturellement.com\/#website\",\"url\":\"https:\/\/ilerodriguesnaturellement.com\/\",\"name\":\"Rodrigues Naturellement\",\"description\":\"Rodrigues Naturellement is Online Now . . .\",\"potentialAction\":[{\"@type\":\"SearchAction\",\"target\":{\"@type\":\"EntryPoint\",\"urlTemplate\":\"https:\/\/ilerodriguesnaturellement.com\/?s={search_term_string}\"},\"query-input\":\"required name=search_term_string\"}],\"inLanguage\":\"fr-FR\"}]}<\/script>\n<!-- \/ Yoast SEO plugin. -->","yoast_head_json":{"title":"Large turtle appliqu\u00e9 beach bag - Rodrigues Naturellement","robots":{"index":"index","follow":"follow","max-snippet":"max-snippet:-1","max-image-preview":"max-image-preview:large","max-video-preview":"max-video-preview:-1"},"canonical":"https:\/\/ilerodriguesnaturellement.com\/fr\/product\/handicraft\/bags\/grand-sac-de-plage-applique-tortue\/","og_locale":"fr_FR","og_type":"article","og_title":"Large turtle appliqu\u00e9 beach bag - Rodrigues Naturellement","og_description":"Large turtle appliqu\u00e9 beach bag A roomy beach bag is undeniably one of the season's most important accessories. Throw your sunscreen, water bottle, and beach towel into our Large turtle appliqu\u00e9 beach bag , your summer read and sun hat into a colorful woven top handle, or just about anything","og_url":"https:\/\/ilerodriguesnaturellement.com\/fr\/product\/handicraft\/bags\/grand-sac-de-plage-applique-tortue\/","og_site_name":"Rodrigues Naturellement","article_modified_time":"2026-01-06T17:26:09+00:00","og_image":[{"width":2560,"height":1709,"url":"https:\/\/ilerodriguesnaturellement.com\/wp-content\/uploads\/2022\/01\/DSC_8541-scaled.jpg","type":"image\/jpeg"}],"twitter_card":"summary_large_image","twitter_misc":{"Dur\u00e9e de lecture estim\u00e9e":"1 minute"},"schema":{"@context":"https:\/\/schema.org","@graph":[{"@type":"WebPage","@id":"https:\/\/ilerodriguesnaturellement.com\/product\/handicraft\/bags\/grand-sac-de-plage-applique-tortue\/","url":"https:\/\/ilerodriguesnaturellement.com\/product\/handicraft\/bags\/grand-sac-de-plage-applique-tortue\/","name":"Large turtle appliqu\u00e9 beach bag - Rodrigues Naturellement","isPartOf":{"@id":"https:\/\/ilerodriguesnaturellement.com\/#website"},"datePublished":"2022-01-19T10:09:16+00:00","dateModified":"2026-01-06T17:26:09+00:00","breadcrumb":{"@id":"https:\/\/ilerodriguesnaturellement.com\/product\/handicraft\/bags\/grand-sac-de-plage-applique-tortue\/#breadcrumb"},"inLanguage":"fr-FR","potentialAction":[{"@type":"ReadAction","target":["https:\/\/ilerodriguesnaturellement.com\/product\/handicraft\/bags\/grand-sac-de-plage-applique-tortue\/"]}]},{"@type":"BreadcrumbList","@id":"https:\/\/ilerodriguesnaturellement.com\/product\/handicraft\/bags\/grand-sac-de-plage-applique-tortue\/#breadcrumb","itemListElement":[{"@type":"ListItem","position":1,"name":"Home","item":"https:\/\/ilerodriguesnaturellement.com\/"},{"@type":"ListItem","position":2,"name":"Shop","item":"https:\/\/ilerodriguesnaturellement.com\/fr\/shop\/"},{"@type":"ListItem","position":3,"name":"Large turtle appliqu\u00e9 beach bag"}]},{"@type":"WebSite","@id":"https:\/\/ilerodriguesnaturellement.com\/#website","url":"https:\/\/ilerodriguesnaturellement.com\/","name":"Rodrigues Naturellement","description":"Rodrigues Naturellement is Online Now . . .","potentialAction":[{"@type":"SearchAction","target":{"@type":"EntryPoint","urlTemplate":"https:\/\/ilerodriguesnaturellement.com\/?s={search_term_string}"},"query-input":"required name=search_term_string"}],"inLanguage":"fr-FR"}]}},"_links":{"self":[{"href":"https:\/\/ilerodriguesnaturellement.com\/fr\/wp-json\/wp\/v2\/product\/4318"}],"collection":[{"href":"https:\/\/ilerodriguesnaturellement.com\/fr\/wp-json\/wp\/v2\/product"}],"about":[{"href":"https:\/\/ilerodriguesnaturellement.com\/fr\/wp-json\/wp\/v2\/types\/product"}],"replies":[{"embeddable":true,"href":"https:\/\/ilerodriguesnaturellement.com\/fr\/wp-json\/wp\/v2\/comments?post=4318"}],"wp:featuredmedia":[{"embeddable":true,"href":"https:\/\/ilerodriguesnaturellement.com\/fr\/wp-json\/wp\/v2\/media\/4319"}],"wp:attachment":[{"href":"https:\/\/ilerodriguesnaturellement.com\/fr\/wp-json\/wp\/v2\/media?parent=4318"}],"wp:term":[{"taxonomy":"product_cat","embeddable":true,"href":"https:\/\/ilerodriguesnaturellement.com\/fr\/wp-json\/wp\/v2\/product_cat?post=4318"},{"taxonomy":"product_tag","embeddable":true,"href":"https:\/\/ilerodriguesnaturellement.com\/fr\/wp-json\/wp\/v2\/product_tag?post=4318"}],"curies":[{"name":"wp","href":"https:\/\/api.w.org\/{rel}","templated":true}]}}