{"id":4316,"date":"2022-01-19T10:03:33","date_gmt":"2022-01-19T10:03:33","guid":{"rendered":"http:\/\/ilerodriguesnaturellement.com\/?post_type=product&#038;p=4316"},"modified":"2022-01-24T11:10:38","modified_gmt":"2022-01-24T11:10:38","slug":"sac-care","status":"publish","type":"product","link":"https:\/\/ilerodriguesnaturellement.com\/fr\/produit\/handicraft\/bags\/sac-care\/","title":{"rendered":"Sac carr\u00e9"},"content":{"rendered":"<p>Sac carr\u00e9 en jute et vocoas Sac pratique et spacieux de forme carr\u00e9e.<br \/>\nCoiffe facilement de diff\u00e9rentes mani\u00e8res.<\/p>","protected":false},"excerpt":{"rendered":"<p>Jute and vocoas square bag Convenient and roomy square-shaped bag. Easily styles in different ways.<\/p>","protected":false},"featured_media":4317,"comment_status":"open","ping_status":"closed","template":"","meta":[],"product_cat":[15,70],"product_tag":[],"class_list":["post-4316","product","type-product","status-publish","has-post-thumbnail","hentry","product_cat-handicraft","product_cat-bags"],"yoast_head":"<!-- This site is optimized with the Yoast SEO plugin v19.13 - https:\/\/yoast.com\/wordpress\/plugins\/seo\/ -->\n<title>Square bag - Rodrigues Naturellement<\/title>\n<meta name=\"robots\" content=\"index, follow, max-snippet:-1, max-image-preview:large, max-video-preview:-1\" \/>\n<link rel=\"canonical\" href=\"https:\/\/ilerodriguesnaturellement.com\/fr\/product\/handicraft\/bags\/sac-care\/\" \/>\n<meta property=\"og:locale\" content=\"fr_FR\" \/>\n<meta property=\"og:type\" content=\"article\" \/>\n<meta property=\"og:title\" content=\"Square bag - Rodrigues Naturellement\" \/>\n<meta property=\"og:description\" content=\"Jute and vocoas square bag Convenient and roomy square-shaped bag. Easily styles in different ways.\" \/>\n<meta property=\"og:url\" content=\"https:\/\/ilerodriguesnaturellement.com\/fr\/product\/handicraft\/bags\/sac-care\/\" \/>\n<meta property=\"og:site_name\" content=\"Rodrigues Naturellement\" \/>\n<meta property=\"article:modified_time\" content=\"2022-01-24T11:10:38+00:00\" \/>\n<meta property=\"og:image\" content=\"https:\/\/ilerodriguesnaturellement.com\/wp-content\/uploads\/2022\/01\/DSC_8530-scaled.jpg\" \/>\n\t<meta property=\"og:image:width\" content=\"1709\" \/>\n\t<meta property=\"og:image:height\" content=\"2560\" \/>\n\t<meta property=\"og:image:type\" content=\"image\/jpeg\" \/>\n<meta name=\"twitter:card\" content=\"summary_large_image\" \/>\n<script type=\"application\/ld+json\" class=\"yoast-schema-graph\">{\"@context\":\"https:\/\/schema.org\",\"@graph\":[{\"@type\":\"WebPage\",\"@id\":\"https:\/\/ilerodriguesnaturellement.com\/product\/handicraft\/bags\/sac-care\/\",\"url\":\"https:\/\/ilerodriguesnaturellement.com\/product\/handicraft\/bags\/sac-care\/\",\"name\":\"Square bag - Rodrigues Naturellement\",\"isPartOf\":{\"@id\":\"https:\/\/ilerodriguesnaturellement.com\/#website\"},\"datePublished\":\"2022-01-19T10:03:33+00:00\",\"dateModified\":\"2022-01-24T11:10:38+00:00\",\"breadcrumb\":{\"@id\":\"https:\/\/ilerodriguesnaturellement.com\/product\/handicraft\/bags\/sac-care\/#breadcrumb\"},\"inLanguage\":\"fr-FR\",\"potentialAction\":[{\"@type\":\"ReadAction\",\"target\":[\"https:\/\/ilerodriguesnaturellement.com\/product\/handicraft\/bags\/sac-care\/\"]}]},{\"@type\":\"BreadcrumbList\",\"@id\":\"https:\/\/ilerodriguesnaturellement.com\/product\/handicraft\/bags\/sac-care\/#breadcrumb\",\"itemListElement\":[{\"@type\":\"ListItem\",\"position\":1,\"name\":\"Home\",\"item\":\"https:\/\/ilerodriguesnaturellement.com\/\"},{\"@type\":\"ListItem\",\"position\":2,\"name\":\"Shop\",\"item\":\"https:\/\/ilerodriguesnaturellement.com\/fr\/shop\/\"},{\"@type\":\"ListItem\",\"position\":3,\"name\":\"Square bag\"}]},{\"@type\":\"WebSite\",\"@id\":\"https:\/\/ilerodriguesnaturellement.com\/#website\",\"url\":\"https:\/\/ilerodriguesnaturellement.com\/\",\"name\":\"Rodrigues Naturellement\",\"description\":\"Rodrigues Naturellement is Online Now . . .\",\"potentialAction\":[{\"@type\":\"SearchAction\",\"target\":{\"@type\":\"EntryPoint\",\"urlTemplate\":\"https:\/\/ilerodriguesnaturellement.com\/?s={search_term_string}\"},\"query-input\":\"required name=search_term_string\"}],\"inLanguage\":\"fr-FR\"}]}<\/script>\n<!-- \/ Yoast SEO plugin. -->","yoast_head_json":{"title":"Square bag - Rodrigues Naturellement","robots":{"index":"index","follow":"follow","max-snippet":"max-snippet:-1","max-image-preview":"max-image-preview:large","max-video-preview":"max-video-preview:-1"},"canonical":"https:\/\/ilerodriguesnaturellement.com\/fr\/product\/handicraft\/bags\/sac-care\/","og_locale":"fr_FR","og_type":"article","og_title":"Square bag - Rodrigues Naturellement","og_description":"Jute and vocoas square bag Convenient and roomy square-shaped bag. Easily styles in different ways.","og_url":"https:\/\/ilerodriguesnaturellement.com\/fr\/product\/handicraft\/bags\/sac-care\/","og_site_name":"Rodrigues Naturellement","article_modified_time":"2022-01-24T11:10:38+00:00","og_image":[{"width":1709,"height":2560,"url":"https:\/\/ilerodriguesnaturellement.com\/wp-content\/uploads\/2022\/01\/DSC_8530-scaled.jpg","type":"image\/jpeg"}],"twitter_card":"summary_large_image","schema":{"@context":"https:\/\/schema.org","@graph":[{"@type":"WebPage","@id":"https:\/\/ilerodriguesnaturellement.com\/product\/handicraft\/bags\/sac-care\/","url":"https:\/\/ilerodriguesnaturellement.com\/product\/handicraft\/bags\/sac-care\/","name":"Square bag - Rodrigues Naturellement","isPartOf":{"@id":"https:\/\/ilerodriguesnaturellement.com\/#website"},"datePublished":"2022-01-19T10:03:33+00:00","dateModified":"2022-01-24T11:10:38+00:00","breadcrumb":{"@id":"https:\/\/ilerodriguesnaturellement.com\/product\/handicraft\/bags\/sac-care\/#breadcrumb"},"inLanguage":"fr-FR","potentialAction":[{"@type":"ReadAction","target":["https:\/\/ilerodriguesnaturellement.com\/product\/handicraft\/bags\/sac-care\/"]}]},{"@type":"BreadcrumbList","@id":"https:\/\/ilerodriguesnaturellement.com\/product\/handicraft\/bags\/sac-care\/#breadcrumb","itemListElement":[{"@type":"ListItem","position":1,"name":"Home","item":"https:\/\/ilerodriguesnaturellement.com\/"},{"@type":"ListItem","position":2,"name":"Shop","item":"https:\/\/ilerodriguesnaturellement.com\/fr\/shop\/"},{"@type":"ListItem","position":3,"name":"Square bag"}]},{"@type":"WebSite","@id":"https:\/\/ilerodriguesnaturellement.com\/#website","url":"https:\/\/ilerodriguesnaturellement.com\/","name":"Rodrigues Naturellement","description":"Rodrigues Naturellement is Online Now . . .","potentialAction":[{"@type":"SearchAction","target":{"@type":"EntryPoint","urlTemplate":"https:\/\/ilerodriguesnaturellement.com\/?s={search_term_string}"},"query-input":"required name=search_term_string"}],"inLanguage":"fr-FR"}]}},"_links":{"self":[{"href":"https:\/\/ilerodriguesnaturellement.com\/fr\/wp-json\/wp\/v2\/product\/4316"}],"collection":[{"href":"https:\/\/ilerodriguesnaturellement.com\/fr\/wp-json\/wp\/v2\/product"}],"about":[{"href":"https:\/\/ilerodriguesnaturellement.com\/fr\/wp-json\/wp\/v2\/types\/product"}],"replies":[{"embeddable":true,"href":"https:\/\/ilerodriguesnaturellement.com\/fr\/wp-json\/wp\/v2\/comments?post=4316"}],"wp:featuredmedia":[{"embeddable":true,"href":"https:\/\/ilerodriguesnaturellement.com\/fr\/wp-json\/wp\/v2\/media\/4317"}],"wp:attachment":[{"href":"https:\/\/ilerodriguesnaturellement.com\/fr\/wp-json\/wp\/v2\/media?parent=4316"}],"wp:term":[{"taxonomy":"product_cat","embeddable":true,"href":"https:\/\/ilerodriguesnaturellement.com\/fr\/wp-json\/wp\/v2\/product_cat?post=4316"},{"taxonomy":"product_tag","embeddable":true,"href":"https:\/\/ilerodriguesnaturellement.com\/fr\/wp-json\/wp\/v2\/product_tag?post=4316"}],"curies":[{"name":"wp","href":"https:\/\/api.w.org\/{rel}","templated":true}]}}