{"id":4311,"date":"2022-01-19T09:36:33","date_gmt":"2022-01-19T09:36:33","guid":{"rendered":"http:\/\/ilerodriguesnaturellement.com\/?post_type=product&#038;p=4311"},"modified":"2022-01-25T06:05:02","modified_gmt":"2022-01-25T06:05:02","slug":"grand-sac-de-plage","status":"publish","type":"product","link":"https:\/\/ilerodriguesnaturellement.com\/fr\/produit\/handicraft\/bags\/grand-sac-de-plage\/","title":{"rendered":"Grand sac de plage"},"content":{"rendered":"<p id=\"tw-target-text\" class=\"tw-data-text tw-text-large tw-ta\" dir=\"ltr\" data-placeholder=\"Translation\"><span class=\"Y2IQFc\" lang=\"en\">Grand sac de plage avec casier vacoas coeur. Un sac de plage spacieux est ind\u00e9niablement l'un des accessoires les plus importants de la saison. Jetez votre cr\u00e8me solaire, votre bouteille d'eau et votre serviette de plage dans notre grand sac de plage avec casier \u00e0 vacoas en forme de c\u0153ur, votre lecture d'\u00e9t\u00e9 et votre chapeau de soleil dans une poign\u00e9e sup\u00e9rieure tiss\u00e9e color\u00e9e, ou \u00e0 peu pr\u00e8s n'importe quoi. <\/span><\/p>","protected":false},"excerpt":{"rendered":"<p>Grand sac de plage avec casier vacoas coeur. Un sac de plage spacieux est ind\u00e9niablement l'un des accessoires les plus importants de la saison. Jetez votre cr\u00e8me solaire, votre bouteille d'eau et votre serviette de plage dans notre grand sac de plage avec casier \u00e0 vacoas en forme de c\u0153ur, votre lecture d'\u00e9t\u00e9 et votre chapeau de soleil dans une poign\u00e9e sup\u00e9rieure tiss\u00e9e color\u00e9e, ou \u00e0 peu pr\u00e8s n'importe quoi.<\/p>","protected":false},"featured_media":4312,"comment_status":"open","ping_status":"closed","template":"","meta":[],"product_cat":[15,70],"product_tag":[],"class_list":["post-4311","product","type-product","status-publish","has-post-thumbnail","hentry","product_cat-handicraft","product_cat-bags"],"yoast_head":"<!-- This site is optimized with the Yoast SEO plugin v19.13 - https:\/\/yoast.com\/wordpress\/plugins\/seo\/ -->\n<title>Large Beach Bag - Rodrigues Naturellement<\/title>\n<meta name=\"description\" content=\"Grand sac de plage avec coeur vacoas casier\" \/>\n<meta name=\"robots\" content=\"index, follow, max-snippet:-1, max-image-preview:large, max-video-preview:-1\" \/>\n<link rel=\"canonical\" href=\"https:\/\/ilerodriguesnaturellement.com\/fr\/product\/handicraft\/bags\/grand-sac-de-plage\/\" \/>\n<meta property=\"og:locale\" content=\"fr_FR\" \/>\n<meta property=\"og:type\" content=\"article\" \/>\n<meta property=\"og:title\" content=\"Large Beach Bag - Rodrigues Naturellement\" \/>\n<meta property=\"og:description\" content=\"Grand sac de plage avec coeur vacoas casier\" \/>\n<meta property=\"og:url\" content=\"https:\/\/ilerodriguesnaturellement.com\/fr\/product\/handicraft\/bags\/grand-sac-de-plage\/\" \/>\n<meta property=\"og:site_name\" content=\"Rodrigues Naturellement\" \/>\n<meta property=\"article:modified_time\" content=\"2022-01-25T06:05:02+00:00\" \/>\n<meta property=\"og:image\" content=\"https:\/\/ilerodriguesnaturellement.com\/wp-content\/uploads\/2022\/01\/DSC_8512-scaled.jpg\" \/>\n\t<meta property=\"og:image:width\" content=\"2560\" \/>\n\t<meta property=\"og:image:height\" content=\"1834\" \/>\n\t<meta property=\"og:image:type\" content=\"image\/jpeg\" \/>\n<meta name=\"twitter:card\" content=\"summary_large_image\" \/>\n<meta name=\"twitter:label1\" content=\"Dur\u00e9e de lecture estim\u00e9e\" \/>\n\t<meta name=\"twitter:data1\" content=\"1 minute\" \/>\n<script type=\"application\/ld+json\" class=\"yoast-schema-graph\">{\"@context\":\"https:\/\/schema.org\",\"@graph\":[{\"@type\":\"WebPage\",\"@id\":\"https:\/\/ilerodriguesnaturellement.com\/product\/handicraft\/bags\/grand-sac-de-plage\/\",\"url\":\"https:\/\/ilerodriguesnaturellement.com\/product\/handicraft\/bags\/grand-sac-de-plage\/\",\"name\":\"Large Beach Bag - Rodrigues Naturellement\",\"isPartOf\":{\"@id\":\"https:\/\/ilerodriguesnaturellement.com\/#website\"},\"datePublished\":\"2022-01-19T09:36:33+00:00\",\"dateModified\":\"2022-01-25T06:05:02+00:00\",\"description\":\"Grand sac de plage avec coeur vacoas casier\",\"breadcrumb\":{\"@id\":\"https:\/\/ilerodriguesnaturellement.com\/product\/handicraft\/bags\/grand-sac-de-plage\/#breadcrumb\"},\"inLanguage\":\"fr-FR\",\"potentialAction\":[{\"@type\":\"ReadAction\",\"target\":[\"https:\/\/ilerodriguesnaturellement.com\/product\/handicraft\/bags\/grand-sac-de-plage\/\"]}]},{\"@type\":\"BreadcrumbList\",\"@id\":\"https:\/\/ilerodriguesnaturellement.com\/product\/handicraft\/bags\/grand-sac-de-plage\/#breadcrumb\",\"itemListElement\":[{\"@type\":\"ListItem\",\"position\":1,\"name\":\"Home\",\"item\":\"https:\/\/ilerodriguesnaturellement.com\/\"},{\"@type\":\"ListItem\",\"position\":2,\"name\":\"Shop\",\"item\":\"https:\/\/ilerodriguesnaturellement.com\/fr\/shop\/\"},{\"@type\":\"ListItem\",\"position\":3,\"name\":\"Large Beach Bag\"}]},{\"@type\":\"WebSite\",\"@id\":\"https:\/\/ilerodriguesnaturellement.com\/#website\",\"url\":\"https:\/\/ilerodriguesnaturellement.com\/\",\"name\":\"Rodrigues Naturellement\",\"description\":\"Rodrigues Naturellement is Online Now . . .\",\"potentialAction\":[{\"@type\":\"SearchAction\",\"target\":{\"@type\":\"EntryPoint\",\"urlTemplate\":\"https:\/\/ilerodriguesnaturellement.com\/?s={search_term_string}\"},\"query-input\":\"required name=search_term_string\"}],\"inLanguage\":\"fr-FR\"}]}<\/script>\n<!-- \/ Yoast SEO plugin. -->","yoast_head_json":{"title":"Large Beach Bag - Rodrigues Naturellement","description":"Grand sac de plage avec coeur vacoas casier","robots":{"index":"index","follow":"follow","max-snippet":"max-snippet:-1","max-image-preview":"max-image-preview:large","max-video-preview":"max-video-preview:-1"},"canonical":"https:\/\/ilerodriguesnaturellement.com\/fr\/product\/handicraft\/bags\/grand-sac-de-plage\/","og_locale":"fr_FR","og_type":"article","og_title":"Large Beach Bag - Rodrigues Naturellement","og_description":"Grand sac de plage avec coeur vacoas casier","og_url":"https:\/\/ilerodriguesnaturellement.com\/fr\/product\/handicraft\/bags\/grand-sac-de-plage\/","og_site_name":"Rodrigues Naturellement","article_modified_time":"2022-01-25T06:05:02+00:00","og_image":[{"width":2560,"height":1834,"url":"https:\/\/ilerodriguesnaturellement.com\/wp-content\/uploads\/2022\/01\/DSC_8512-scaled.jpg","type":"image\/jpeg"}],"twitter_card":"summary_large_image","twitter_misc":{"Dur\u00e9e de lecture estim\u00e9e":"1 minute"},"schema":{"@context":"https:\/\/schema.org","@graph":[{"@type":"WebPage","@id":"https:\/\/ilerodriguesnaturellement.com\/product\/handicraft\/bags\/grand-sac-de-plage\/","url":"https:\/\/ilerodriguesnaturellement.com\/product\/handicraft\/bags\/grand-sac-de-plage\/","name":"Large Beach Bag - Rodrigues Naturellement","isPartOf":{"@id":"https:\/\/ilerodriguesnaturellement.com\/#website"},"datePublished":"2022-01-19T09:36:33+00:00","dateModified":"2022-01-25T06:05:02+00:00","description":"Grand sac de plage avec coeur vacoas casier","breadcrumb":{"@id":"https:\/\/ilerodriguesnaturellement.com\/product\/handicraft\/bags\/grand-sac-de-plage\/#breadcrumb"},"inLanguage":"fr-FR","potentialAction":[{"@type":"ReadAction","target":["https:\/\/ilerodriguesnaturellement.com\/product\/handicraft\/bags\/grand-sac-de-plage\/"]}]},{"@type":"BreadcrumbList","@id":"https:\/\/ilerodriguesnaturellement.com\/product\/handicraft\/bags\/grand-sac-de-plage\/#breadcrumb","itemListElement":[{"@type":"ListItem","position":1,"name":"Home","item":"https:\/\/ilerodriguesnaturellement.com\/"},{"@type":"ListItem","position":2,"name":"Shop","item":"https:\/\/ilerodriguesnaturellement.com\/fr\/shop\/"},{"@type":"ListItem","position":3,"name":"Large Beach Bag"}]},{"@type":"WebSite","@id":"https:\/\/ilerodriguesnaturellement.com\/#website","url":"https:\/\/ilerodriguesnaturellement.com\/","name":"Rodrigues Naturellement","description":"Rodrigues Naturellement is Online Now . . .","potentialAction":[{"@type":"SearchAction","target":{"@type":"EntryPoint","urlTemplate":"https:\/\/ilerodriguesnaturellement.com\/?s={search_term_string}"},"query-input":"required name=search_term_string"}],"inLanguage":"fr-FR"}]}},"_links":{"self":[{"href":"https:\/\/ilerodriguesnaturellement.com\/fr\/wp-json\/wp\/v2\/product\/4311"}],"collection":[{"href":"https:\/\/ilerodriguesnaturellement.com\/fr\/wp-json\/wp\/v2\/product"}],"about":[{"href":"https:\/\/ilerodriguesnaturellement.com\/fr\/wp-json\/wp\/v2\/types\/product"}],"replies":[{"embeddable":true,"href":"https:\/\/ilerodriguesnaturellement.com\/fr\/wp-json\/wp\/v2\/comments?post=4311"}],"wp:featuredmedia":[{"embeddable":true,"href":"https:\/\/ilerodriguesnaturellement.com\/fr\/wp-json\/wp\/v2\/media\/4312"}],"wp:attachment":[{"href":"https:\/\/ilerodriguesnaturellement.com\/fr\/wp-json\/wp\/v2\/media?parent=4311"}],"wp:term":[{"taxonomy":"product_cat","embeddable":true,"href":"https:\/\/ilerodriguesnaturellement.com\/fr\/wp-json\/wp\/v2\/product_cat?post=4311"},{"taxonomy":"product_tag","embeddable":true,"href":"https:\/\/ilerodriguesnaturellement.com\/fr\/wp-json\/wp\/v2\/product_tag?post=4311"}],"curies":[{"name":"wp","href":"https:\/\/api.w.org\/{rel}","templated":true}]}}