{"id":88,"date":"2013-08-11T19:06:15","date_gmt":"2013-08-11T19:06:15","guid":{"rendered":"http:\/\/localhost:8888\/test\/?page_id=520"},"modified":"2022-01-27T09:21:25","modified_gmt":"2022-01-27T09:21:25","slug":"about","status":"publish","type":"page","link":"https:\/\/ilerodriguesnaturellement.com\/fr\/about\/","title":{"rendered":"Qui Sommes Nous?"},"content":{"rendered":"<div class=\"banner has-hover has-parallax\" id=\"banner-491735723\">\n          <div class=\"banner-inner fill\">\n        <div class=\"banner-bg fill\" data-parallax=\"-3\" data-parallax-container=\".banner\" data-parallax-background>\n                                    <div class=\"overlay\"><\/div>            \n                    <\/div>\n\t\t\n        <div class=\"banner-layers container\">\n            <div class=\"fill banner-link\"><\/div>            \n\n   <div id=\"text-box-1270111935\" class=\"text-box banner-layer x50 md-x50 lg-x50 y80 md-y80 lg-y80 res-text\">\n                                <div class=\"text-box-content text dark\">\n              \n              <div class=\"text-inner text-center\">\n                  \n\n<h1 class=\"lead\">Qui Sommes Nous?<\/h1>\n<p class=\"lead\">Rodrigues Trading and Marketing Co LTD<\/p>\n\n              <\/div>\n           <\/div>\n                            \n<style>\n#text-box-1270111935 {\n  width: 60%;\n}\n#text-box-1270111935 .text-box-content {\n  font-size: 100%;\n}\n<\/style>\n    <\/div>\n \n\n        <\/div>\n      <\/div>\n\n            \n<style>\n#banner-491735723 {\n  padding-top: 507px;\n}\n#banner-491735723 .overlay {\n  background-color: rgba(0, 0, 0, 0.49);\n}\n<\/style>\n  <\/div>\n\n\n<div class=\"row\"  id=\"row-2017773273\">\n\n\n\t<div id=\"col-190523919\" class=\"col small-12 large-12\"  >\n\t\t\t\t<div class=\"col-inner\"  >\n\t\t\t\n\t\t\t\n\n<p><strong>Bref Historique<\/strong><br \/>Conform\u00e9ment aux pouvoirs conf\u00e9r\u00e9s par la loi de 2001 sur l'Assembl\u00e9e R\u00e9gionale de Rodrigues, la RRA a cr\u00e9\u00e9 en juin 2006 une soci\u00e9t\u00e9 priv\u00e9e sous le nom de Rodrigues Trading and Marketing Co Ltd (RTMC), enti\u00e8rement d\u00e9tenue par la RRA. L'objectif de la RRA \u00e9tait de s'assurer de l'utilisation efficace de ses ressources limit\u00e9es et aussi de l'ex\u00e9cution rapide et efficace de sa responsabilit\u00e9 concernant la production et la commercialisation des produits agricoles.<\/p>\n<p>L'objectif de la RTMC est d'\u00eatre responsable de la commercialisation et de l'exportation des produits rodriguais tels que l'artisanat, l'agriculture, les produits de la mer et tous autres produits locaux ;<\/p>\n<p>Depuis le d\u00e9but de ses op\u00e9rations, la Soci\u00e9t\u00e9 a \u00e9t\u00e9 active dans les domaines suivants : -<\/p>\n<ul>\n<li>Achat de produits agricoles principalement oignon, pomme de terre, ail et haricot rouge aupr\u00e8s de producteurs locaux en p\u00e9riode de surplus et exportation vers Maurice. La Soci\u00e9t\u00e9 a \u00e9galement import\u00e9 des produits agricoles de Maurice, en p\u00e9riode de p\u00e9nurie, afin de r\u00e9pondre \u00e0 la demande du march\u00e9 local ;<\/li>\n<li>Exportation de b\u00e9tail comme les porcs et les ch\u00e8vres vers l'\u00eele Maurice ;<br \/>Commercialisation et exportation de produits agricoles d\u00e9riv\u00e9s tels que le miel ;<br \/>Vendre aux producteurs des intrants de production locaux et import\u00e9s (tels que des semences et des engrais) afin de garantir aux planteurs des produits de qualit\u00e9 \u00e0 temps pour la culture ;<\/li>\n<li>R\u00e9partition de l'ail<\/li>\n<\/ul>\n<p><strong>CONTRIBUTION DE LA RTMC \u00c0 L'\u00c9CONOMIE ET \u200b\u200b\u00c0 LA SOCI\u00c9T\u00c9 RODRIGUAISE<\/strong><\/p>\n<p>Depuis son existence l'entreprise a montr\u00e9 son importance en contribuant au d\u00e9veloppement \u00e9conomique et social de l'\u00eele. Tout d'abord, RTMC a apport\u00e9 la cr\u00e9ation d'emplois, \u00e0 l'heure actuelle, il y a 6 personnes employ\u00e9es dans l'entreprise.<\/p>\n<p>De plus, l'entreprise encourage les planteurs \u00e0 augmenter leur production (comme les haricots, les oignons et les citrons), car l'entreprise a pour mission de trouver des march\u00e9s pour vendre leurs produits. Ainsi, les planteurs disposent d'un march\u00e9 s\u00e9curis\u00e9 pour \u00e9couler leurs produits. On peut aussi ajouter que l'entreprise fait le lien entre le march\u00e9 et les producteurs. Dans un tel cas, les producteurs s'en tiennent \u00e0 leur t\u00e2che de production tandis que la RTMC se charge de la commercialisation de leurs produits.<\/p>\n<p>L'entreprise a \u00e9galement contribu\u00e9 au succ\u00e8s des produits locaux sur le march\u00e9 mauricien, par la participation \u00e0 diff\u00e9rentes foires et par des alliances strat\u00e9giques avec des partenaires commerciaux \u00e0 Maurice. La RTMC agit comme un outil pour \u00e9viter le monopole ou la cr\u00e9ation d'un cartel qui pourrait p\u00e9naliser les producteurs et les acheteurs locaux, parall\u00e8lement l'entreprise agit comme r\u00e9gulateur des prix dans l'int\u00e9r\u00eat des fournisseurs et des consommateurs rodriguais.<\/p>\n<p>RTMC a r\u00e9ussi \u00e0 instaurer un climat de confiance aupr\u00e8s de ses clients et de la population en g\u00e9n\u00e9ral. L'entreprise dispose d'une base de donn\u00e9es de 250 clients (magasins, restaurants, h\u00f4tels et snack-bars) et RTMC vend \u00e9galement au grand public.<\/p>\n<div class=\"is-divider divider clearfix\" style=\"max-width:100%;\"><\/div>\n\n\n\t\t<\/div>\n\t\t\t\t\t<\/div>\n\n\t\n\n<\/div>","protected":false},"excerpt":{"rendered":"","protected":false},"author":1,"featured_media":0,"parent":0,"menu_order":0,"comment_status":"closed","ping_status":"closed","template":"page-transparent-header-light.php","meta":{"footnotes":""},"class_list":["post-88","page","type-page","status-publish","hentry"],"yoast_head":"<!-- This site is optimized with the Yoast SEO plugin v19.13 - https:\/\/yoast.com\/wordpress\/plugins\/seo\/ -->\n<title>About Us - Rodrigues Naturellement<\/title>\n<meta name=\"robots\" content=\"index, follow, max-snippet:-1, max-image-preview:large, max-video-preview:-1\" \/>\n<link rel=\"canonical\" href=\"https:\/\/ilerodriguesnaturellement.com\/fr\/about\/\" \/>\n<meta property=\"og:locale\" content=\"fr_FR\" \/>\n<meta property=\"og:type\" content=\"article\" \/>\n<meta property=\"og:title\" content=\"About Us - Rodrigues Naturellement\" \/>\n<meta property=\"og:url\" content=\"https:\/\/ilerodriguesnaturellement.com\/fr\/about\/\" \/>\n<meta property=\"og:site_name\" content=\"Rodrigues Naturellement\" \/>\n<meta property=\"article:modified_time\" content=\"2022-01-27T09:21:25+00:00\" \/>\n<meta name=\"twitter:card\" content=\"summary_large_image\" \/>\n<meta name=\"twitter:label1\" content=\"Dur\u00e9e de lecture estim\u00e9e\" \/>\n\t<meta name=\"twitter:data1\" content=\"3 minutes\" \/>\n<script type=\"application\/ld+json\" class=\"yoast-schema-graph\">{\"@context\":\"https:\/\/schema.org\",\"@graph\":[{\"@type\":\"WebPage\",\"@id\":\"https:\/\/ilerodriguesnaturellement.com\/about\/\",\"url\":\"https:\/\/ilerodriguesnaturellement.com\/about\/\",\"name\":\"About Us - Rodrigues Naturellement\",\"isPartOf\":{\"@id\":\"https:\/\/ilerodriguesnaturellement.com\/#website\"},\"datePublished\":\"2013-08-11T19:06:15+00:00\",\"dateModified\":\"2022-01-27T09:21:25+00:00\",\"breadcrumb\":{\"@id\":\"https:\/\/ilerodriguesnaturellement.com\/about\/#breadcrumb\"},\"inLanguage\":\"fr-FR\",\"potentialAction\":[{\"@type\":\"ReadAction\",\"target\":[\"https:\/\/ilerodriguesnaturellement.com\/about\/\"]}]},{\"@type\":\"BreadcrumbList\",\"@id\":\"https:\/\/ilerodriguesnaturellement.com\/about\/#breadcrumb\",\"itemListElement\":[{\"@type\":\"ListItem\",\"position\":1,\"name\":\"Home\",\"item\":\"https:\/\/ilerodriguesnaturellement.com\/\"},{\"@type\":\"ListItem\",\"position\":2,\"name\":\"About Us\"}]},{\"@type\":\"WebSite\",\"@id\":\"https:\/\/ilerodriguesnaturellement.com\/#website\",\"url\":\"https:\/\/ilerodriguesnaturellement.com\/\",\"name\":\"Rodrigues Naturellement\",\"description\":\"Rodrigues Naturellement is Online Now . . .\",\"potentialAction\":[{\"@type\":\"SearchAction\",\"target\":{\"@type\":\"EntryPoint\",\"urlTemplate\":\"https:\/\/ilerodriguesnaturellement.com\/?s={search_term_string}\"},\"query-input\":\"required name=search_term_string\"}],\"inLanguage\":\"fr-FR\"}]}<\/script>\n<!-- \/ Yoast SEO plugin. -->","yoast_head_json":{"title":"About Us - Rodrigues Naturellement","robots":{"index":"index","follow":"follow","max-snippet":"max-snippet:-1","max-image-preview":"max-image-preview:large","max-video-preview":"max-video-preview:-1"},"canonical":"https:\/\/ilerodriguesnaturellement.com\/fr\/about\/","og_locale":"fr_FR","og_type":"article","og_title":"About Us - Rodrigues Naturellement","og_url":"https:\/\/ilerodriguesnaturellement.com\/fr\/about\/","og_site_name":"Rodrigues Naturellement","article_modified_time":"2022-01-27T09:21:25+00:00","twitter_card":"summary_large_image","twitter_misc":{"Dur\u00e9e de lecture estim\u00e9e":"3 minutes"},"schema":{"@context":"https:\/\/schema.org","@graph":[{"@type":"WebPage","@id":"https:\/\/ilerodriguesnaturellement.com\/about\/","url":"https:\/\/ilerodriguesnaturellement.com\/about\/","name":"About Us - Rodrigues Naturellement","isPartOf":{"@id":"https:\/\/ilerodriguesnaturellement.com\/#website"},"datePublished":"2013-08-11T19:06:15+00:00","dateModified":"2022-01-27T09:21:25+00:00","breadcrumb":{"@id":"https:\/\/ilerodriguesnaturellement.com\/about\/#breadcrumb"},"inLanguage":"fr-FR","potentialAction":[{"@type":"ReadAction","target":["https:\/\/ilerodriguesnaturellement.com\/about\/"]}]},{"@type":"BreadcrumbList","@id":"https:\/\/ilerodriguesnaturellement.com\/about\/#breadcrumb","itemListElement":[{"@type":"ListItem","position":1,"name":"Home","item":"https:\/\/ilerodriguesnaturellement.com\/"},{"@type":"ListItem","position":2,"name":"About Us"}]},{"@type":"WebSite","@id":"https:\/\/ilerodriguesnaturellement.com\/#website","url":"https:\/\/ilerodriguesnaturellement.com\/","name":"Rodrigues Naturellement","description":"Rodrigues Naturellement is Online Now . . .","potentialAction":[{"@type":"SearchAction","target":{"@type":"EntryPoint","urlTemplate":"https:\/\/ilerodriguesnaturellement.com\/?s={search_term_string}"},"query-input":"required name=search_term_string"}],"inLanguage":"fr-FR"}]}},"_links":{"self":[{"href":"https:\/\/ilerodriguesnaturellement.com\/fr\/wp-json\/wp\/v2\/pages\/88"}],"collection":[{"href":"https:\/\/ilerodriguesnaturellement.com\/fr\/wp-json\/wp\/v2\/pages"}],"about":[{"href":"https:\/\/ilerodriguesnaturellement.com\/fr\/wp-json\/wp\/v2\/types\/page"}],"author":[{"embeddable":true,"href":"https:\/\/ilerodriguesnaturellement.com\/fr\/wp-json\/wp\/v2\/users\/1"}],"replies":[{"embeddable":true,"href":"https:\/\/ilerodriguesnaturellement.com\/fr\/wp-json\/wp\/v2\/comments?post=88"}],"version-history":[{"count":7,"href":"https:\/\/ilerodriguesnaturellement.com\/fr\/wp-json\/wp\/v2\/pages\/88\/revisions"}],"predecessor-version":[{"id":4496,"href":"https:\/\/ilerodriguesnaturellement.com\/fr\/wp-json\/wp\/v2\/pages\/88\/revisions\/4496"}],"wp:attachment":[{"href":"https:\/\/ilerodriguesnaturellement.com\/fr\/wp-json\/wp\/v2\/media?parent=88"}],"curies":[{"name":"wp","href":"https:\/\/api.w.org\/{rel}","templated":true}]}}