{"id":269,"date":"2019-08-20T17:20:56","date_gmt":"2019-08-20T17:20:56","guid":{"rendered":"http:\/\/ilerodriguesnaturellement.com\/?page_id=269"},"modified":"2022-11-02T18:58:09","modified_gmt":"2022-11-02T18:58:09","slug":"refund-return-policy","status":"publish","type":"page","link":"https:\/\/ilerodriguesnaturellement.com\/fr\/refund-return-policy\/","title":{"rendered":"Politique de Remboursement et de Retour"},"content":{"rendered":"<\/p>\n  <div id=\"page-header-1235294704\" class=\"page-header-wrapper\">\n  <div class=\"page-title dark featured-title\">\n\n    \n    <div class=\"page-title-inner container align-center flex-row medium-flex-wrap\" >\n              <div class=\"title-wrapper flex-col text-left medium-text-center\">\n          <h1 class=\"entry-title mb-0\">\n            Politique de Remboursement et de Retour          <\/h1>\n        <\/div>\n                    <div class=\"title-content flex-col flex-right text-right medium-text-center\">\n        <div class=\"title-breadcrumbs pb-half pt-half\"><nav class=\"woocommerce-breadcrumb breadcrumbs uppercase\" aria-label=\"Breadcrumb\" data-no-translation=\"\" data-trp-gettext=\"\">Accueil<\/nav><\/div>      <\/div>\n    <\/div>\n\n       <\/div>\n    <\/div>\n  \n\n<h2>\u00a0<\/h2>\n<h2>Aper\u00e7u<\/h2>\n<p>Notre politique de remboursement et de retour dure 30 jours. Si 30 jours se sont \u00e9coul\u00e9s depuis votre achat, nous ne pouvons pas vous offrir un remboursement complet ou un \u00e9change.<\/p>\n<p>To be eligible for a return, your item must be unused and in the same condition that you received it. It must also be in the original packaging.<\/p>\n<p>Plusieurs types de marchandises sont exempt\u00e9es de retour. Les denr\u00e9es p\u00e9rissables telles que la nourriture, les fleurs, les journaux ou les magazines ne peuvent pas \u00eatre retourn\u00e9es. Nous n'acceptons pas non plus les produits qui sont des articles intimes ou sanitaires, des mati\u00e8res dangereuses ou des liquides ou gaz inflammables.<\/p>\n<p>Additional non-returnable items:<\/p>\n<ul>\n<li>Gift cards<\/li>\n<li>Downloadable software products<\/li>\n<li>Some health and personal care items<\/li>\n<\/ul>\n<p>To complete your return, we require a receipt or proof of purchase.<\/p>\n<p>Please do not send your purchase back to the manufacturer.<\/p>\n<p>There are certain situations where only partial refunds are granted:<\/p>\n<ul>\n<li>Book with obvious signs of use<\/li>\n<li>CD, DVD, VHS tape, software, video game, cassette tape, or vinyl record that has been opened.<\/li>\n<li>Any item not in its original condition, is damaged or missing parts for reasons not due to our error.<\/li>\n<li>Any item that is returned more than 30 days after delivery<\/li>\n<\/ul>\n<h2>\u00a0<\/h2>\n<h2>Remboursements<\/h2>\n<p>Une fois votre retour re\u00e7u et inspect\u00e9, nous vous enverrons un e-mail pour vous informer que nous avons re\u00e7u votre article retourn\u00e9. Nous vous informerons \u00e9galement de l'approbation ou du rejet de votre remboursement.<\/p>\n<p>Si vous \u00eates approuv\u00e9, votre remboursement sera trait\u00e9 et un cr\u00e9dit sera automatiquement appliqu\u00e9 \u00e0 votre carte de cr\u00e9dit ou \u00e0 votre mode de paiement original, dans un certain nombre de jours.<\/p>\n<p><b>Remboursements en retard ou manquants<\/b><\/p>\n<p>If you haven\u2019t received a refund yet, first check your bank account again and then contact your credit card company. It may take some time before your refund is officially posted.<\/p>\n<p>Contactez ensuite votre banque. Il y a souvent un certain temps de traitement avant qu'un remboursement ne soit affich\u00e9.<\/p>\n<p>Si vous avez fait tout cela et que vous n'avez toujours pas re\u00e7u votre remboursement, veuillez nous contacter \u00e0 {email address}.<\/p>\n<p><b>Vendre des articles<\/b><\/p>\n<p>Seuls les articles \u00e0 prix r\u00e9gulier peuvent \u00eatre rembours\u00e9s. Les articles sold\u00e9s ne peuvent pas \u00eatre rembours\u00e9s.<\/p>\n<h2>\u00a0<\/h2>\n<h2>Echanges<\/h2>\n<p>Nous ne rempla\u00e7ons les articles que s'ils sont d\u00e9fectueux ou endommag\u00e9s. Si vous avez besoin de l'\u00e9changer contre le m\u00eame article, envoyez-nous un e-mail \u00e0 {adresse e-mail} et envoyez votre article \u00e0 : {adresse physique}.<\/p>\n<h2>\u00a0<\/h2>\n<h2>Cadeaux<\/h2>\n<p>Si l'article a \u00e9t\u00e9 marqu\u00e9 comme cadeau lors de son achat et qu'il vous a \u00e9t\u00e9 exp\u00e9di\u00e9 directement, vous recevrez un cr\u00e9dit-cadeau correspondant \u00e0 la valeur de votre retour. Une fois l'article retourn\u00e9 re\u00e7u, un ch\u00e8que-cadeau vous sera envoy\u00e9 par la poste.<\/p>\n<p>Si l'article n'a pas \u00e9t\u00e9 marqu\u00e9 comme cadeau lors de l'achat, ou si le donateur s'est fait exp\u00e9dier la commande pour vous la donner plus tard, nous enverrons un remboursement au donateur et il s'informera de votre retour.<\/p>\n<h2>\u00a0<\/h2>\n<h2>Exp\u00e9dition &amp; retours<\/h2>\n<p>Pour retourner votre produit, vous devez envoyer votre produit \u00e0 : {adresse physique}.<\/p>\n<p>Vous serez responsable de payer vos propres frais d'exp\u00e9dition pour le retour de votre article. Les frais d'exp\u00e9dition ne sont pas remboursables. Si vous recevez un remboursement, les frais de retour seront d\u00e9duits de votre remboursement.<\/p>\n<p>Selon l'endroit o\u00f9 vous vivez, le temps n\u00e9cessaire pour que votre produit \u00e9chang\u00e9 vous parvienne peut varier.<\/p>\n<p>Si vous retournez des articles plus chers, vous pouvez envisager d'utiliser un service d'exp\u00e9dition tra\u00e7able ou de souscrire une assurance d'exp\u00e9dition. Nous ne garantissons pas que nous recevrons votre article retourn\u00e9.<\/p>\n<h2>\u00a0<\/h2>\n<h2>Besoin d'aide?<\/h2>\n<p>Contactez-nous \u00e0 {email} pour toute question relative aux remboursements et aux retours.<\/p>","protected":false},"excerpt":{"rendered":"","protected":false},"author":1,"featured_media":0,"parent":0,"menu_order":0,"comment_status":"closed","ping_status":"closed","template":"","meta":{"footnotes":""},"class_list":["post-269","page","type-page","status-publish","hentry"],"yoast_head":"<!-- This site is optimized with the Yoast SEO plugin v19.13 - https:\/\/yoast.com\/wordpress\/plugins\/seo\/ -->\n<title>Refund &amp; Return Policy - Rodrigues Naturellement<\/title>\n<meta name=\"robots\" content=\"index, follow, max-snippet:-1, max-image-preview:large, max-video-preview:-1\" \/>\n<link rel=\"canonical\" href=\"https:\/\/ilerodriguesnaturellement.com\/fr\/refund-return-policy\/\" \/>\n<meta property=\"og:locale\" content=\"fr_FR\" \/>\n<meta property=\"og:type\" content=\"article\" \/>\n<meta property=\"og:title\" content=\"Refund &amp; Return Policy - Rodrigues Naturellement\" \/>\n<meta property=\"og:url\" content=\"https:\/\/ilerodriguesnaturellement.com\/fr\/refund-return-policy\/\" \/>\n<meta property=\"og:site_name\" content=\"Rodrigues Naturellement\" \/>\n<meta property=\"article:modified_time\" content=\"2022-11-02T18:58:09+00:00\" \/>\n<meta name=\"twitter:card\" content=\"summary_large_image\" \/>\n<script type=\"application\/ld+json\" class=\"yoast-schema-graph\">{\"@context\":\"https:\/\/schema.org\",\"@graph\":[{\"@type\":\"WebPage\",\"@id\":\"https:\/\/ilerodriguesnaturellement.com\/refund-return-policy\/\",\"url\":\"https:\/\/ilerodriguesnaturellement.com\/refund-return-policy\/\",\"name\":\"Refund & Return Policy - Rodrigues Naturellement\",\"isPartOf\":{\"@id\":\"https:\/\/ilerodriguesnaturellement.com\/#website\"},\"datePublished\":\"2019-08-20T17:20:56+00:00\",\"dateModified\":\"2022-11-02T18:58:09+00:00\",\"breadcrumb\":{\"@id\":\"https:\/\/ilerodriguesnaturellement.com\/refund-return-policy\/#breadcrumb\"},\"inLanguage\":\"fr-FR\",\"potentialAction\":[{\"@type\":\"ReadAction\",\"target\":[\"https:\/\/ilerodriguesnaturellement.com\/refund-return-policy\/\"]}]},{\"@type\":\"BreadcrumbList\",\"@id\":\"https:\/\/ilerodriguesnaturellement.com\/refund-return-policy\/#breadcrumb\",\"itemListElement\":[{\"@type\":\"ListItem\",\"position\":1,\"name\":\"Home\",\"item\":\"https:\/\/ilerodriguesnaturellement.com\/\"},{\"@type\":\"ListItem\",\"position\":2,\"name\":\"Refund &#038; Return Policy\"}]},{\"@type\":\"WebSite\",\"@id\":\"https:\/\/ilerodriguesnaturellement.com\/#website\",\"url\":\"https:\/\/ilerodriguesnaturellement.com\/\",\"name\":\"Rodrigues Naturellement\",\"description\":\"Rodrigues Naturellement is Online Now . . .\",\"potentialAction\":[{\"@type\":\"SearchAction\",\"target\":{\"@type\":\"EntryPoint\",\"urlTemplate\":\"https:\/\/ilerodriguesnaturellement.com\/?s={search_term_string}\"},\"query-input\":\"required name=search_term_string\"}],\"inLanguage\":\"fr-FR\"}]}<\/script>\n<!-- \/ Yoast SEO plugin. -->","yoast_head_json":{"title":"Refund & Return Policy - Rodrigues Naturellement","robots":{"index":"index","follow":"follow","max-snippet":"max-snippet:-1","max-image-preview":"max-image-preview:large","max-video-preview":"max-video-preview:-1"},"canonical":"https:\/\/ilerodriguesnaturellement.com\/fr\/refund-return-policy\/","og_locale":"fr_FR","og_type":"article","og_title":"Refund & Return Policy - Rodrigues Naturellement","og_url":"https:\/\/ilerodriguesnaturellement.com\/fr\/refund-return-policy\/","og_site_name":"Rodrigues Naturellement","article_modified_time":"2022-11-02T18:58:09+00:00","twitter_card":"summary_large_image","schema":{"@context":"https:\/\/schema.org","@graph":[{"@type":"WebPage","@id":"https:\/\/ilerodriguesnaturellement.com\/refund-return-policy\/","url":"https:\/\/ilerodriguesnaturellement.com\/refund-return-policy\/","name":"Refund & Return Policy - Rodrigues Naturellement","isPartOf":{"@id":"https:\/\/ilerodriguesnaturellement.com\/#website"},"datePublished":"2019-08-20T17:20:56+00:00","dateModified":"2022-11-02T18:58:09+00:00","breadcrumb":{"@id":"https:\/\/ilerodriguesnaturellement.com\/refund-return-policy\/#breadcrumb"},"inLanguage":"fr-FR","potentialAction":[{"@type":"ReadAction","target":["https:\/\/ilerodriguesnaturellement.com\/refund-return-policy\/"]}]},{"@type":"BreadcrumbList","@id":"https:\/\/ilerodriguesnaturellement.com\/refund-return-policy\/#breadcrumb","itemListElement":[{"@type":"ListItem","position":1,"name":"Home","item":"https:\/\/ilerodriguesnaturellement.com\/"},{"@type":"ListItem","position":2,"name":"Refund &#038; Return Policy"}]},{"@type":"WebSite","@id":"https:\/\/ilerodriguesnaturellement.com\/#website","url":"https:\/\/ilerodriguesnaturellement.com\/","name":"Rodrigues Naturellement","description":"Rodrigues Naturellement is Online Now . . .","potentialAction":[{"@type":"SearchAction","target":{"@type":"EntryPoint","urlTemplate":"https:\/\/ilerodriguesnaturellement.com\/?s={search_term_string}"},"query-input":"required name=search_term_string"}],"inLanguage":"fr-FR"}]}},"_links":{"self":[{"href":"https:\/\/ilerodriguesnaturellement.com\/fr\/wp-json\/wp\/v2\/pages\/269"}],"collection":[{"href":"https:\/\/ilerodriguesnaturellement.com\/fr\/wp-json\/wp\/v2\/pages"}],"about":[{"href":"https:\/\/ilerodriguesnaturellement.com\/fr\/wp-json\/wp\/v2\/types\/page"}],"author":[{"embeddable":true,"href":"https:\/\/ilerodriguesnaturellement.com\/fr\/wp-json\/wp\/v2\/users\/1"}],"replies":[{"embeddable":true,"href":"https:\/\/ilerodriguesnaturellement.com\/fr\/wp-json\/wp\/v2\/comments?post=269"}],"version-history":[{"count":9,"href":"https:\/\/ilerodriguesnaturellement.com\/fr\/wp-json\/wp\/v2\/pages\/269\/revisions"}],"predecessor-version":[{"id":4564,"href":"https:\/\/ilerodriguesnaturellement.com\/fr\/wp-json\/wp\/v2\/pages\/269\/revisions\/4564"}],"wp:attachment":[{"href":"https:\/\/ilerodriguesnaturellement.com\/fr\/wp-json\/wp\/v2\/media?parent=269"}],"curies":[{"name":"wp","href":"https:\/\/api.w.org\/{rel}","templated":true}]}}